{"id":32,"date":"2017-10-09T13:45:34","date_gmt":"2017-10-09T11:45:34","guid":{"rendered":"http:\/\/arnaud-desjardins-hauteville.fr\/fr\/?page_id=32"},"modified":"2022-10-02T20:20:19","modified_gmt":"2022-10-02T18:20:19","slug":"venir","status":"publish","type":"page","link":"http:\/\/amis-hauteville.fr\/fr\/venir\/","title":{"rendered":"Venir \u00e0 Hauteville"},"content":{"rendered":"<p><div class=\"fusion-fullwidth fullwidth-box fusion-builder-row-1 hundred-percent-fullwidth non-hundred-percent-height-scrolling\" style=\"--awb-border-sizes-top:0px;--awb-border-sizes-bottom:0px;--awb-border-sizes-left:0px;--awb-border-sizes-right:0px;--awb-border-color:#f44336;--awb-border-style:dashed;--awb-border-radius-top-left:0px;--awb-border-radius-top-right:0px;--awb-border-radius-bottom-right:0px;--awb-border-radius-bottom-left:0px;--awb-margin-top:0px;--awb-margin-bottom:0px;--awb-flex-wrap:wrap;\" ><div class=\"fusion-builder-row fusion-row\"><div class=\"fusion-layout-column fusion_builder_column fusion-builder-column-0 fusion_builder_column_1_1 1_1 fusion-one-full fusion-column-first fusion-column-last\" style=\"--awb-bg-size:cover;--awb-border-color:#8bc34a;--awb-border-top:0;--awb-border-right:0;--awb-border-bottom:0;--awb-border-left:0;--awb-border-style:dotted;\"><div class=\"fusion-column-wrapper fusion-flex-column-wrapper-legacy\"><div class=\"fusion-column-content-centered\"><div class=\"fusion-column-content\"><div class=\"fusion-image-element fusion-image-align-center in-legacy-container\" style=\"text-align:center;--awb-caption-title-font-family:var(--h2_typography-font-family);--awb-caption-title-font-weight:var(--h2_typography-font-weight);--awb-caption-title-font-style:var(--h2_typography-font-style);--awb-caption-title-size:var(--h2_typography-font-size);--awb-caption-title-transform:var(--h2_typography-text-transform);--awb-caption-title-line-height:var(--h2_typography-line-height);--awb-caption-title-letter-spacing:var(--h2_typography-letter-spacing);\"><div class=\"imageframe-align-center\"><span class=\" fusion-imageframe imageframe-none imageframe-1 hover-type-none\"><img decoding=\"async\" width=\"2500\" height=\"60\" title=\"Frise double \u00e0 2500px_154_mg_2922\" src=\"http:\/\/amis-hauteville.fr\/fr\/wp-content\/uploads\/2017\/10\/Frise-double-\u00e0-2500px_154_mg_2922.jpg\" alt class=\"img-responsive wp-image-807\" srcset=\"http:\/\/amis-hauteville.fr\/fr\/wp-content\/uploads\/2017\/10\/Frise-double-\u00e0-2500px_154_mg_2922-200x5.jpg 200w, http:\/\/amis-hauteville.fr\/fr\/wp-content\/uploads\/2017\/10\/Frise-double-\u00e0-2500px_154_mg_2922-400x10.jpg 400w, http:\/\/amis-hauteville.fr\/fr\/wp-content\/uploads\/2017\/10\/Frise-double-\u00e0-2500px_154_mg_2922-600x14.jpg 600w, http:\/\/amis-hauteville.fr\/fr\/wp-content\/uploads\/2017\/10\/Frise-double-\u00e0-2500px_154_mg_2922-800x19.jpg 800w, http:\/\/amis-hauteville.fr\/fr\/wp-content\/uploads\/2017\/10\/Frise-double-\u00e0-2500px_154_mg_2922-1200x29.jpg 1200w, http:\/\/amis-hauteville.fr\/fr\/wp-content\/uploads\/2017\/10\/Frise-double-\u00e0-2500px_154_mg_2922.jpg 2500w\" sizes=\"(max-width: 800px) 100vw, 1200px\" \/><\/span><\/div><\/div><\/div><\/div><div class=\"fusion-clearfix\"><\/div><\/div><\/div><\/div><\/div><div class=\"fusion-fullwidth fullwidth-box fusion-builder-row-2 nonhundred-percent-fullwidth non-hundred-percent-height-scrolling\" style=\"--awb-border-sizes-top:0px;--awb-border-sizes-bottom:0px;--awb-border-sizes-left:0px;--awb-border-sizes-right:0px;--awb-border-color:#e91e63;--awb-border-style:dotted;--awb-border-radius-top-left:0px;--awb-border-radius-top-right:0px;--awb-border-radius-bottom-right:0px;--awb-border-radius-bottom-left:0px;--awb-margin-top:50px;--awb-flex-wrap:wrap;\" ><div class=\"fusion-builder-row fusion-row\"><div class=\"fusion-layout-column fusion_builder_column fusion-builder-column-1 fusion_builder_column_1_1 1_1 fusion-one-full fusion-column-first fusion-column-last fusion-animated\" style=\"--awb-padding-top:30px;--awb-bg-color:#303030;--awb-bg-color-hover:#303030;--awb-bg-size:cover;--awb-border-color:#c6c6c6;--awb-border-top:1px;--awb-border-right:1px;--awb-border-bottom:1px;--awb-border-left:1px;--awb-border-style:solid;\" data-animationType=\"fadeInUp\" data-animationDuration=\"1.0\" data-animationOffset=\"top-into-view\"><div class=\"fusion-column-wrapper fusion-flex-column-wrapper-legacy\"><div class=\"fusion-text fusion-text-1\"><h2 style=\"text-align: center;\"><span style=\"color: #e5561d; font-family: Libre Baskerville;\">VENIR \u00e0 HAUTEVILLE<\/span><\/h2>\n<\/div><div class=\"fusion-clearfix\"><\/div><\/div><\/div><\/div><\/div><div class=\"fusion-fullwidth fullwidth-box fusion-builder-row-3 nonhundred-percent-fullwidth non-hundred-percent-height-scrolling\" style=\"--awb-border-sizes-top:0px;--awb-border-sizes-bottom:0px;--awb-border-sizes-left:0px;--awb-border-sizes-right:0px;--awb-border-color:#f44336;--awb-border-style:dashed;--awb-border-radius-top-left:0px;--awb-border-radius-top-right:0px;--awb-border-radius-bottom-right:0px;--awb-border-radius-bottom-left:0px;--awb-margin-top:80px;--awb-flex-wrap:wrap;\" ><div class=\"fusion-builder-row fusion-row\"><div class=\"fusion-layout-column fusion_builder_column fusion-builder-column-2 fusion_builder_column_4_5 4_5 fusion-four-fifth fusion-column-first\" style=\"--awb-padding-top:30px;--awb-bg-size:cover;--awb-border-color:#00bcd4;--awb-border-top:0;--awb-border-right:0;--awb-border-bottom:0;--awb-border-left:0;--awb-border-style:dotted;--awb-margin-bottom:30px;width:80%;width:calc(80% - ( ( 4% ) * 0.8 ) );margin-right: 4%;\"><div class=\"fusion-column-wrapper fusion-flex-column-wrapper-legacy\"><div class=\"fusion-text fusion-text-2\"><p style=\"text-align: justify;\"><span style=\"color: #999999;\">Chaque semaine, Hauteville accueille des personnes venant pour la premi\u00e8re fois. Pour certains, cette visite ponctuera une qu\u00eate qui se poursuivra ailleurs, pour d\u2019autres, c\u2019est le d\u00e9but d\u2019une longue aventure. Arnaud Desjardins avait \u00e0 c\u0153ur que chacun des nouveaux-venus soit bien re\u00e7u et accompagn\u00e9 dans sa d\u00e9couverte de l\u2019ashram.<br \/>\nDepuis 2009, c\u2019est Fabienne Desjardins qui est charg\u00e9e d\u2019accueillir les nouveaux arrivants.<br \/>\n<\/span><\/p>\n<\/div><div class=\"fusion-clearfix\"><\/div><\/div><\/div><div class=\"fusion-layout-column fusion_builder_column fusion-builder-column-3 fusion_builder_column_1_5 1_5 fusion-one-fifth fusion-column-last\" style=\"--awb-bg-size:cover;--awb-border-color:#8bc34a;--awb-border-top:0;--awb-border-right:0;--awb-border-bottom:0;--awb-border-left:0;--awb-border-style:dotted;width:20%;width:calc(20% - ( ( 4% ) * 0.2 ) );\"><div class=\"fusion-column-wrapper fusion-flex-column-wrapper-legacy\"><div class=\"fusion-image-element in-legacy-container\" style=\"--awb-caption-title-font-family:var(--h2_typography-font-family);--awb-caption-title-font-weight:var(--h2_typography-font-weight);--awb-caption-title-font-style:var(--h2_typography-font-style);--awb-caption-title-size:var(--h2_typography-font-size);--awb-caption-title-transform:var(--h2_typography-text-transform);--awb-caption-title-line-height:var(--h2_typography-line-height);--awb-caption-title-letter-spacing:var(--h2_typography-letter-spacing);\"><span class=\" fusion-imageframe imageframe-none imageframe-2 hover-type-none\"><img decoding=\"async\" width=\"234\" height=\"300\" alt=\"Fabienne Desjardins\" title=\"Fabienne Desjardins\" src=\"http:\/\/amis-hauteville.fr\/fr\/wp-content\/uploads\/2017\/10\/ENSEIGNANTS_Fabienne_3_DSCF0261.jpg\" class=\"img-responsive wp-image-2345\" srcset=\"http:\/\/amis-hauteville.fr\/fr\/wp-content\/uploads\/2017\/10\/ENSEIGNANTS_Fabienne_3_DSCF0261-200x256.jpg 200w, http:\/\/amis-hauteville.fr\/fr\/wp-content\/uploads\/2017\/10\/ENSEIGNANTS_Fabienne_3_DSCF0261.jpg 234w\" sizes=\"(max-width: 800px) 100vw, 234px\" \/><\/span><\/div><div class=\"fusion-clearfix\"><\/div><\/div><\/div><\/div><\/div><div class=\"fusion-fullwidth fullwidth-box fusion-builder-row-4 nonhundred-percent-fullwidth non-hundred-percent-height-scrolling\" style=\"--awb-border-sizes-top:0px;--awb-border-sizes-bottom:0px;--awb-border-sizes-left:0px;--awb-border-sizes-right:0px;--awb-border-color:#f44336;--awb-border-style:dotted;--awb-border-radius-top-left:0px;--awb-border-radius-top-right:0px;--awb-border-radius-bottom-right:0px;--awb-border-radius-bottom-left:0px;--awb-flex-wrap:wrap;\" ><div class=\"fusion-builder-row fusion-row\"><div class=\"fusion-layout-column fusion_builder_column fusion-builder-column-4 fusion_builder_column_1_1 1_1 fusion-one-full fusion-column-first fusion-column-last\" style=\"--awb-bg-size:cover;--awb-border-color:#8bc34a;--awb-border-top:0;--awb-border-right:0;--awb-border-bottom:0;--awb-border-left:0;--awb-border-style:dotted;\"><div class=\"fusion-column-wrapper fusion-flex-column-wrapper-legacy\"><div class=\"fusion-title title fusion-title-1 fusion-title-center fusion-title-text fusion-title-size-one\" style=\"--awb-margin-bottom:0px;--awb-sep-color:#515151;\"><div class=\"title-sep-container title-sep-container-left\"><div class=\"title-sep sep-single sep-solid\" style=\"border-color:#515151;\"><\/div><\/div><span class=\"awb-title-spacer\"><\/span><h1 class=\"fusion-title-heading title-heading-center fusion-responsive-typography-calculated\" style=\"margin:0;--fontSize:100;line-height:1.75;\"><img decoding=\"async\" class=\"size-full wp-image-179 aligncenter\" src=\"http:\/\/amis-hauteville.fr\/fr\/wp-content\/uploads\/2017\/10\/Fleur-de-section.png\" alt=\"\" width=\"50\" height=\"50\" \/><\/h1><span class=\"awb-title-spacer\"><\/span><div class=\"title-sep-container title-sep-container-right\"><div class=\"title-sep sep-single sep-solid\" style=\"border-color:#515151;\"><\/div><\/div><\/div><div class=\"fusion-clearfix\"><\/div><\/div><\/div><\/div><\/div><div class=\"fusion-fullwidth fullwidth-box fusion-builder-row-5 nonhundred-percent-fullwidth non-hundred-percent-height-scrolling\" style=\"--awb-border-sizes-top:0px;--awb-border-sizes-bottom:0px;--awb-border-sizes-left:0px;--awb-border-sizes-right:0px;--awb-border-color:#f44336;--awb-border-style:dashed;--awb-border-radius-top-left:0px;--awb-border-radius-top-right:0px;--awb-border-radius-bottom-right:0px;--awb-border-radius-bottom-left:0px;--awb-margin-top:30px;--awb-flex-wrap:wrap;\" ><div class=\"fusion-builder-row fusion-row\"><div class=\"fusion-layout-column fusion_builder_column fusion-builder-column-5 fusion_builder_column_1_1 1_1 fusion-one-full fusion-column-first fusion-column-last\" style=\"--awb-padding-top:30px;--awb-bg-size:cover;--awb-border-color:#8bc34a;--awb-border-top:0;--awb-border-right:0;--awb-border-bottom:0;--awb-border-left:0;--awb-border-style:dotted;--awb-margin-bottom:30px;\"><div class=\"fusion-column-wrapper fusion-flex-column-wrapper-legacy\"><div class=\"fusion-text fusion-text-3\"><p style=\"text-align: justify;\"><span style=\"color: #999999;\">Avant d\u2019effectuer un premier s\u00e9jour, prenez soin d\u2019avoir lu au moins un ouvrage d\u2019Arnaud Desjardins ou d&rsquo;un de ses \u00e9l\u00e8ves, afin de sentir si vous avez des affinit\u00e9s avec la d\u00e9marche propos\u00e9e \u00e0 Hauteville.<\/span><\/p>\n<p style=\"text-align: justify;\"><span style=\"color: #999999;\">Nous vous sugg\u00e9rons la lecture de\u00a0La paix toujours pr\u00e9sente et La Voie du coeur.<\/span><br \/>\n<span style=\"color: #999999;\">Vous trouverez la bibliographie compl\u00e8te d\u2019Arnaud Desjardins dans l\u2019onglet\u00a0<em><a style=\"color: #999999;\" href=\"http:\/\/amis-hauteville.fr\/fr\/textes\/\">Livres<\/a>.<\/em><\/span><\/p>\n<p style=\"text-align: justify;\"><span style=\"color: #999999;\">Vous pouvez lire aussi le livre d&rsquo;Emmanuel Desjardins, \u00ab\u00a0VIVRE, La gu\u00e9rison spirituelle selon Sw\u00e2mi Prajn\u00e2npad\u00a0\u00bb ou aller l&rsquo;\u00e9couter en conf\u00e9rence (onglet \u00ab\u00a0pour en savoir plus\u00a0\u00bb &gt; \u00ab\u00a0conf\u00e9rences\u00a0\u00bb).<\/span><\/p>\n<p><span style=\"color: #999999;\">A lire \u00e9galement: \u00ab\u00a0Dites-leur de viser haut\u00a0\u00bb,\u00a0de Sophie et \u00c9ric Edelmann et \u00ab\u00a0Dans l\u2019intime d\u2019un chemin\u00a0\u00bb,\u00a0de V\u00e9ronique Desjardins.<\/span><\/p>\n<\/div><div class=\"fusion-clearfix\"><\/div><\/div><\/div><\/div><\/div><div class=\"fusion-fullwidth fullwidth-box fusion-builder-row-6 nonhundred-percent-fullwidth non-hundred-percent-height-scrolling\" style=\"--awb-border-sizes-top:0px;--awb-border-sizes-bottom:0px;--awb-border-sizes-left:0px;--awb-border-sizes-right:0px;--awb-border-color:#f44336;--awb-border-style:dotted;--awb-border-radius-top-left:0px;--awb-border-radius-top-right:0px;--awb-border-radius-bottom-right:0px;--awb-border-radius-bottom-left:0px;--awb-flex-wrap:wrap;\" ><div class=\"fusion-builder-row fusion-row\"><div class=\"fusion-layout-column fusion_builder_column fusion-builder-column-6 fusion_builder_column_1_1 1_1 fusion-one-full fusion-column-first fusion-column-last\" style=\"--awb-bg-size:cover;--awb-border-color:#8bc34a;--awb-border-top:0;--awb-border-right:0;--awb-border-bottom:0;--awb-border-left:0;--awb-border-style:dotted;\"><div class=\"fusion-column-wrapper fusion-flex-column-wrapper-legacy\"><div class=\"fusion-title title fusion-title-2 fusion-title-center fusion-title-text fusion-title-size-one\" style=\"--awb-margin-bottom:0px;--awb-sep-color:#515151;\"><div class=\"title-sep-container title-sep-container-left\"><div class=\"title-sep sep-single sep-solid\" style=\"border-color:#515151;\"><\/div><\/div><span class=\"awb-title-spacer\"><\/span><h1 class=\"fusion-title-heading title-heading-center fusion-responsive-typography-calculated\" style=\"margin:0;--fontSize:100;line-height:1.75;\"><img decoding=\"async\" class=\"size-full wp-image-179 aligncenter\" src=\"http:\/\/amis-hauteville.fr\/fr\/wp-content\/uploads\/2017\/10\/Fleur-de-section.png\" alt=\"\" width=\"50\" height=\"50\" \/><\/h1><span class=\"awb-title-spacer\"><\/span><div class=\"title-sep-container title-sep-container-right\"><div class=\"title-sep sep-single sep-solid\" style=\"border-color:#515151;\"><\/div><\/div><\/div><div class=\"fusion-clearfix\"><\/div><\/div><\/div><\/div><\/div><div class=\"fusion-fullwidth fullwidth-box fusion-builder-row-7 nonhundred-percent-fullwidth non-hundred-percent-height-scrolling\" style=\"--awb-border-sizes-top:0px;--awb-border-sizes-bottom:0px;--awb-border-sizes-left:0px;--awb-border-sizes-right:0px;--awb-border-color:#f44336;--awb-border-style:dashed;--awb-border-radius-top-left:0px;--awb-border-radius-top-right:0px;--awb-border-radius-bottom-right:0px;--awb-border-radius-bottom-left:0px;--awb-margin-top:30px;--awb-flex-wrap:wrap;\" ><div class=\"fusion-builder-row fusion-row\"><div class=\"fusion-layout-column fusion_builder_column fusion-builder-column-7 fusion_builder_column_1_1 1_1 fusion-one-full fusion-column-first fusion-column-last\" style=\"--awb-padding-top:30px;--awb-bg-size:cover;--awb-border-color:#8bc34a;--awb-border-top:0;--awb-border-right:0;--awb-border-bottom:0;--awb-border-left:0;--awb-border-style:dotted;--awb-margin-bottom:30px;\"><div class=\"fusion-column-wrapper fusion-flex-column-wrapper-legacy\"><div class=\"fusion-text fusion-text-4\"><p><img decoding=\"async\" class=\"alignright wp-image-2688 size-full\" title=\"Geoffroy d'Astier\" src=\"http:\/\/amis-hauteville.fr\/fr\/wp-content\/uploads\/2019\/03\/Photo-Geoffroy.jpg\" alt=\"Geoffroy d'Astier\" width=\"185\" height=\"273\" \/><\/p>\n<p style=\"text-align: justify;\"><span style=\"color: #999999;\">Hauteville n\u2019\u00e9tant pas un lieu public, le premier contact se fait par courrier.<br \/>\n<\/span><span style=\"color: #999999;\">Si votre intention de venir se confirme, \u00e9crivez \u00e0\u00a0:<\/span><\/p>\n<h4><span style=\"color: #ffffff;\">Geoffroy d\u2019Astier<\/span><br \/>\n<span style=\"color: #ffffff;\"> HAUTEVILLE<\/span><br \/>\n<span style=\"color: #ffffff;\"> 350 route de l\u2019Eyrieux<\/span><br \/>\n<span style=\"color: #ffffff;\"> 07800 Saint Laurent du Pape.<\/span><\/h4>\n<p style=\"text-align: left;\"><span style=\"color: #999999;\">Vous pouvez r\u00e9diger une lettre simple dans laquelle vous pr\u00e9cisez les raisons pour lesquelles vous souhaitez venir \u00e0 Hauteville et \u00e0 laquelle nous r\u00e9pondons par courrier.<\/span><\/p>\n<\/div><div class=\"fusion-clearfix\"><\/div><\/div><\/div><\/div><\/div><div class=\"fusion-fullwidth fullwidth-box fusion-builder-row-8 hundred-percent-fullwidth non-hundred-percent-height-scrolling\" style=\"--awb-border-sizes-top:0px;--awb-border-sizes-bottom:0px;--awb-border-sizes-left:0px;--awb-border-sizes-right:0px;--awb-border-color:#f44336;--awb-border-style:dashed;--awb-border-radius-top-left:0px;--awb-border-radius-top-right:0px;--awb-border-radius-bottom-right:0px;--awb-border-radius-bottom-left:0px;--awb-margin-top:0px;--awb-margin-bottom:0px;--awb-flex-wrap:wrap;\" ><div class=\"fusion-builder-row fusion-row\"><div class=\"fusion-layout-column fusion_builder_column fusion-builder-column-8 fusion_builder_column_1_1 1_1 fusion-one-full fusion-column-first fusion-column-last\" style=\"--awb-bg-size:cover;--awb-border-color:#8bc34a;--awb-border-top:0;--awb-border-right:0;--awb-border-bottom:0;--awb-border-left:0;--awb-border-style:dotted;\"><div class=\"fusion-column-wrapper fusion-flex-column-wrapper-legacy\"><div class=\"fusion-column-content-centered\"><div class=\"fusion-column-content\"><div class=\"fusion-image-element fusion-image-align-center in-legacy-container\" style=\"text-align:center;--awb-caption-title-font-family:var(--h2_typography-font-family);--awb-caption-title-font-weight:var(--h2_typography-font-weight);--awb-caption-title-font-style:var(--h2_typography-font-style);--awb-caption-title-size:var(--h2_typography-font-size);--awb-caption-title-transform:var(--h2_typography-text-transform);--awb-caption-title-line-height:var(--h2_typography-line-height);--awb-caption-title-letter-spacing:var(--h2_typography-letter-spacing);\"><div class=\"imageframe-align-center\"><span class=\" fusion-imageframe imageframe-none imageframe-3 hover-type-none\"><img decoding=\"async\" width=\"2500\" height=\"60\" title=\"Frise double \u00e0 2500px_154_mg_2922\" src=\"http:\/\/amis-hauteville.fr\/fr\/wp-content\/uploads\/2017\/10\/Frise-double-\u00e0-2500px_154_mg_2922.jpg\" alt class=\"img-responsive wp-image-807\" srcset=\"http:\/\/amis-hauteville.fr\/fr\/wp-content\/uploads\/2017\/10\/Frise-double-\u00e0-2500px_154_mg_2922-200x5.jpg 200w, http:\/\/amis-hauteville.fr\/fr\/wp-content\/uploads\/2017\/10\/Frise-double-\u00e0-2500px_154_mg_2922-400x10.jpg 400w, http:\/\/amis-hauteville.fr\/fr\/wp-content\/uploads\/2017\/10\/Frise-double-\u00e0-2500px_154_mg_2922-600x14.jpg 600w, http:\/\/amis-hauteville.fr\/fr\/wp-content\/uploads\/2017\/10\/Frise-double-\u00e0-2500px_154_mg_2922-800x19.jpg 800w, http:\/\/amis-hauteville.fr\/fr\/wp-content\/uploads\/2017\/10\/Frise-double-\u00e0-2500px_154_mg_2922-1200x29.jpg 1200w, http:\/\/amis-hauteville.fr\/fr\/wp-content\/uploads\/2017\/10\/Frise-double-\u00e0-2500px_154_mg_2922.jpg 2500w\" sizes=\"(max-width: 800px) 100vw, 1200px\" \/><\/span><\/div><\/div><\/div><\/div><div class=\"fusion-clearfix\"><\/div><\/div><\/div><\/div><\/div><\/p>\n","protected":false},"excerpt":{"rendered":"","protected":false},"author":1,"featured_media":0,"parent":0,"menu_order":0,"comment_status":"closed","ping_status":"closed","template":"100-width.php","meta":{"footnotes":""},"yst_prominent_words":[276,477,126,125,58,23,673,127,270,324],"class_list":["post-32","page","type-page","status-publish","hentry"],"_links":{"self":[{"href":"http:\/\/amis-hauteville.fr\/fr\/wp-json\/wp\/v2\/pages\/32","targetHints":{"allow":["GET"]}}],"collection":[{"href":"http:\/\/amis-hauteville.fr\/fr\/wp-json\/wp\/v2\/pages"}],"about":[{"href":"http:\/\/amis-hauteville.fr\/fr\/wp-json\/wp\/v2\/types\/page"}],"author":[{"embeddable":true,"href":"http:\/\/amis-hauteville.fr\/fr\/wp-json\/wp\/v2\/users\/1"}],"replies":[{"embeddable":true,"href":"http:\/\/amis-hauteville.fr\/fr\/wp-json\/wp\/v2\/comments?post=32"}],"version-history":[{"count":168,"href":"http:\/\/amis-hauteville.fr\/fr\/wp-json\/wp\/v2\/pages\/32\/revisions"}],"predecessor-version":[{"id":2822,"href":"http:\/\/amis-hauteville.fr\/fr\/wp-json\/wp\/v2\/pages\/32\/revisions\/2822"}],"wp:attachment":[{"href":"http:\/\/amis-hauteville.fr\/fr\/wp-json\/wp\/v2\/media?parent=32"}],"wp:term":[{"taxonomy":"yst_prominent_words","embeddable":true,"href":"http:\/\/amis-hauteville.fr\/fr\/wp-json\/wp\/v2\/yst_prominent_words?post=32"}],"curies":[{"name":"wp","href":"https:\/\/api.w.org\/{rel}","templated":true}]}}