{"id":30,"date":"2017-10-09T13:45:14","date_gmt":"2017-10-09T11:45:14","guid":{"rendered":"http:\/\/arnaud-desjardins-hauteville.fr\/fr\/?page_id=30"},"modified":"2022-10-02T01:22:54","modified_gmt":"2022-10-01T23:22:54","slug":"plus","status":"publish","type":"page","link":"http:\/\/amis-hauteville.fr\/fr\/plus\/","title":{"rendered":"Pour en savoir plus"},"content":{"rendered":"<p><div class=\"fusion-fullwidth fullwidth-box fusion-builder-row-1 hundred-percent-fullwidth non-hundred-percent-height-scrolling\" style=\"--awb-border-sizes-top:0px;--awb-border-sizes-bottom:0px;--awb-border-sizes-left:0px;--awb-border-sizes-right:0px;--awb-border-color:#f44336;--awb-border-style:dashed;--awb-border-radius-top-left:0px;--awb-border-radius-top-right:0px;--awb-border-radius-bottom-right:0px;--awb-border-radius-bottom-left:0px;--awb-margin-top:0px;--awb-margin-bottom:0px;--awb-flex-wrap:wrap;\" ><div class=\"fusion-builder-row fusion-row\"><div class=\"fusion-layout-column fusion_builder_column fusion-builder-column-0 fusion_builder_column_1_1 1_1 fusion-one-full fusion-column-first fusion-column-last\" style=\"--awb-bg-size:cover;--awb-border-color:#8bc34a;--awb-border-top:0;--awb-border-right:0;--awb-border-bottom:0;--awb-border-left:0;--awb-border-style:dotted;\"><div class=\"fusion-column-wrapper fusion-flex-column-wrapper-legacy\"><div class=\"fusion-column-content-centered\"><div class=\"fusion-column-content\"><div class=\"fusion-image-element fusion-image-align-center in-legacy-container\" style=\"text-align:center;--awb-caption-title-font-family:var(--h2_typography-font-family);--awb-caption-title-font-weight:var(--h2_typography-font-weight);--awb-caption-title-font-style:var(--h2_typography-font-style);--awb-caption-title-size:var(--h2_typography-font-size);--awb-caption-title-transform:var(--h2_typography-text-transform);--awb-caption-title-line-height:var(--h2_typography-line-height);--awb-caption-title-letter-spacing:var(--h2_typography-letter-spacing);\"><div class=\"imageframe-align-center\"><span class=\" fusion-imageframe imageframe-none imageframe-1 hover-type-none\"><img decoding=\"async\" width=\"2500\" height=\"60\" title=\"Frise double \u00e0 2500px_154_mg_2922\" src=\"http:\/\/amis-hauteville.fr\/fr\/wp-content\/uploads\/2017\/10\/Frise-double-\u00e0-2500px_154_mg_2922.jpg\" alt class=\"img-responsive wp-image-807\" srcset=\"http:\/\/amis-hauteville.fr\/fr\/wp-content\/uploads\/2017\/10\/Frise-double-\u00e0-2500px_154_mg_2922-200x5.jpg 200w, http:\/\/amis-hauteville.fr\/fr\/wp-content\/uploads\/2017\/10\/Frise-double-\u00e0-2500px_154_mg_2922-400x10.jpg 400w, http:\/\/amis-hauteville.fr\/fr\/wp-content\/uploads\/2017\/10\/Frise-double-\u00e0-2500px_154_mg_2922-600x14.jpg 600w, http:\/\/amis-hauteville.fr\/fr\/wp-content\/uploads\/2017\/10\/Frise-double-\u00e0-2500px_154_mg_2922-800x19.jpg 800w, http:\/\/amis-hauteville.fr\/fr\/wp-content\/uploads\/2017\/10\/Frise-double-\u00e0-2500px_154_mg_2922-1200x29.jpg 1200w, http:\/\/amis-hauteville.fr\/fr\/wp-content\/uploads\/2017\/10\/Frise-double-\u00e0-2500px_154_mg_2922.jpg 2500w\" sizes=\"(max-width: 800px) 100vw, 1200px\" \/><\/span><\/div><\/div><\/div><\/div><div class=\"fusion-clearfix\"><\/div><\/div><\/div><\/div><\/div><div class=\"fusion-fullwidth fullwidth-box fusion-builder-row-2 nonhundred-percent-fullwidth non-hundred-percent-height-scrolling\" style=\"--awb-border-sizes-top:0px;--awb-border-sizes-bottom:0px;--awb-border-sizes-left:0px;--awb-border-sizes-right:0px;--awb-border-color:#e91e63;--awb-border-style:dotted;--awb-border-radius-top-left:0px;--awb-border-radius-top-right:0px;--awb-border-radius-bottom-right:0px;--awb-border-radius-bottom-left:0px;--awb-margin-top:50px;--awb-margin-bottom:50px;--awb-flex-wrap:wrap;\" ><div class=\"fusion-builder-row fusion-row\"><div class=\"fusion-layout-column fusion_builder_column fusion-builder-column-1 fusion_builder_column_1_1 1_1 fusion-one-full fusion-column-first fusion-column-last fusion-column-no-min-height fusion-animated\" style=\"--awb-padding-top:30px;--awb-bg-color:#303030;--awb-bg-color-hover:#303030;--awb-bg-size:cover;--awb-border-color:#c6c6c6;--awb-border-top:1px;--awb-border-right:1px;--awb-border-bottom:1px;--awb-border-left:1px;--awb-border-style:solid;\" data-animationType=\"fadeInUp\" data-animationDuration=\"1.0\" data-animationOffset=\"top-into-view\"><div class=\"fusion-column-wrapper fusion-flex-column-wrapper-legacy\"><div class=\"fusion-text fusion-text-1\"><h2 style=\"text-align: center;\"><span style=\"color: #e5561d; font-family: Libre Baskerville;\">POUR EN SAVOIR PLUS&#8230;<br \/>\n<\/span><\/h2>\n<h3 style=\"text-align: center;\"><span style=\"color: #ffffff;\">&#8211; autour de Hauteville et d&rsquo;Arnaud Desjardins &#8211;<\/span><\/h3>\n<\/div><div class=\"fusion-clearfix\"><\/div><\/div><\/div><\/div><\/div><div class=\"fusion-fullwidth fullwidth-box fusion-builder-row-3 nonhundred-percent-fullwidth non-hundred-percent-height-scrolling\" style=\"--awb-border-sizes-top:0px;--awb-border-sizes-bottom:0px;--awb-border-sizes-left:0px;--awb-border-sizes-right:0px;--awb-border-color:#e91e63;--awb-border-style:dashed;--awb-border-radius-top-left:0px;--awb-border-radius-top-right:0px;--awb-border-radius-bottom-right:0px;--awb-border-radius-bottom-left:0px;--awb-flex-wrap:wrap;\" ><div class=\"fusion-builder-row fusion-row\"><div class=\"fusion-layout-column fusion_builder_column fusion-builder-column-2 fusion_builder_column_1_1 1_1 fusion-one-full fusion-column-first fusion-column-last\" style=\"--awb-bg-size:cover;--awb-border-color:#8bc34a;--awb-border-top:0;--awb-border-right:0;--awb-border-bottom:0;--awb-border-left:0;--awb-border-style:dashed;\"><div class=\"fusion-column-wrapper fusion-flex-column-wrapper-legacy\"><div class=\"fusion-content-boxes content-boxes columns row fusion-columns-4 fusion-columns-total-7 fusion-content-boxes-1 content-boxes-icon-on-top content-left\" style=\"--awb-body-color:#ffffff;--awb-title-color:#ffffff;--awb-iconcolor:#ffffff;--awb-margin-top:30px;--awb-hover-accent-color:#e5561d;--awb-circle-hover-accent-color:#e5561d;\" data-animationOffset=\"top-into-view\"><div style=\"--awb-backgroundcolor:transparent;--awb-iconcolor:#ffffff;\" class=\"fusion-column content-box-column content-box-column content-box-column-1 col-lg-3 col-md-3 col-sm-3 fusion-content-box-hover content-box-column-first-in-row\"><div class=\"col content-box-wrapper content-wrapper link-area-box link-type-button-bar icon-hover-animation-fade\" data-link=\"http:\/\/amis-hauteville.fr\/fr\/biographie\/\" data-link-target=\"_self\" data-animationOffset=\"top-into-view\"><div class=\"heading heading-with-icon icon-left\"><a class=\"heading-link\" href=\"http:\/\/amis-hauteville.fr\/fr\/biographie\/\" target=\"_self\"><div class=\"icon\"><i style=\"border-color:#ffffff;border-width:2px;background-color:#282a2d;box-sizing:content-box;height:116px;width:116px;line-height:116px;border-radius:50%;font-size:58px;\" aria-hidden=\"true\" class=\"fontawesome-icon fa-user fas circle-yes\"><\/i><\/div><h2 class=\"content-box-heading fusion-responsive-typography-calculated\" style=\"--h2_typography-font-size:18px;--fontSize:18;line-height:1.22;\">BIOGRAPHIE<\/h2><\/a><\/div><div class=\"fusion-clearfix\"><\/div><div class=\"content-container\">\n<p>la biographie d&rsquo;Arnaud Desjardins<\/p>\n<\/div><\/div><\/div><div style=\"--awb-backgroundcolor:transparent;--awb-iconcolor:#ffffff;\" class=\"fusion-column content-box-column content-box-column content-box-column-2 col-lg-3 col-md-3 col-sm-3 fusion-content-box-hover \"><div class=\"col content-box-wrapper content-wrapper link-area-box link-type-button-bar icon-hover-animation-fade\" data-link=\"http:\/\/amis-hauteville.fr\/fr\/textes\/\" data-link-target=\"_self\" data-animationOffset=\"top-into-view\"><div class=\"heading heading-with-icon icon-left\"><a class=\"heading-link\" href=\"http:\/\/amis-hauteville.fr\/fr\/textes\/\" target=\"_self\"><div class=\"icon\"><i style=\"border-color:#ffffff;border-width:2px;background-color:#282a2d;box-sizing:content-box;height:116px;width:116px;line-height:116px;border-radius:50%;font-size:58px;\" aria-hidden=\"true\" class=\"fontawesome-icon fa-book fas circle-yes\"><\/i><\/div><h2 class=\"content-box-heading fusion-responsive-typography-calculated\" style=\"--h2_typography-font-size:18px;--fontSize:18;line-height:1.22;\">LIVRES<\/h2><\/a><\/div><div class=\"fusion-clearfix\"><\/div><div class=\"content-container\">\n<p>bibliographie d&rsquo;Arnaud Desjardins, livres recommand\u00e9s<\/p>\n<\/div><\/div><\/div><div style=\"--awb-backgroundcolor:transparent;--awb-iconcolor:#ffffff;\" class=\"fusion-column content-box-column content-box-column content-box-column-3 col-lg-3 col-md-3 col-sm-3 fusion-content-box-hover \"><div class=\"col content-box-wrapper content-wrapper link-area-box link-type-button-bar icon-hover-animation-fade\" data-link=\"http:\/\/amis-hauteville.fr\/fr\/videos\/\" data-link-target=\"_self\" data-animationOffset=\"top-into-view\"><div class=\"heading heading-with-icon icon-left\"><a class=\"heading-link\" href=\"http:\/\/amis-hauteville.fr\/fr\/videos\/\" target=\"_self\"><div class=\"icon\"><i style=\"border-color:#ffffff;border-width:2px;background-color:#282a2d;box-sizing:content-box;height:116px;width:116px;line-height:116px;border-radius:50%;font-size:58px;\" aria-hidden=\"true\" class=\"fontawesome-icon fa-video fas circle-yes\"><\/i><\/div><h2 class=\"content-box-heading fusion-responsive-typography-calculated\" style=\"--h2_typography-font-size:18px;--fontSize:18;line-height:1.22;\">VIDEOS<\/h2><\/a><\/div><div class=\"fusion-clearfix\"><\/div><div class=\"content-container\">\n<p>extraits des films d&rsquo;Arnaud Desjardins, \u00e9missions de t\u00e9l\u00e9vision<\/p>\n<\/div><\/div><\/div><div style=\"--awb-backgroundcolor:transparent;--awb-iconcolor:#ffffff;\" class=\"fusion-column content-box-column content-box-column content-box-column-4 col-lg-3 col-md-3 col-sm-3 fusion-content-box-hover content-box-column-last-in-row\"><div class=\"col content-box-wrapper content-wrapper link-area-box link-type-button-bar icon-hover-animation-fade\" data-link=\"http:\/\/amis-hauteville.fr\/fr\/audio\/\" data-link-target=\"_self\" data-animationOffset=\"top-into-view\"><div class=\"heading heading-with-icon icon-left\"><a class=\"heading-link\" href=\"http:\/\/amis-hauteville.fr\/fr\/audio\/\" target=\"_self\"><div class=\"icon\"><i style=\"border-color:#ffffff;border-width:2px;background-color:#282a2d;box-sizing:content-box;height:116px;width:116px;line-height:116px;border-radius:50%;font-size:58px;\" aria-hidden=\"true\" class=\"fontawesome-icon fa-microphone fas circle-yes\"><\/i><\/div><h2 class=\"content-box-heading fusion-responsive-typography-calculated\" style=\"--h2_typography-font-size:18px;--fontSize:18;line-height:1.22;\">AUDIO<\/h2><\/a><\/div><div class=\"fusion-clearfix\"><\/div><div class=\"content-container\">\n<p>diff\u00e9rentes \u00e9missions de radio<\/p>\n<\/div><\/div><\/div><div style=\"--awb-backgroundcolor:transparent;--awb-iconcolor:#ffffff;\" class=\"fusion-column content-box-column content-box-column content-box-column-5 col-lg-3 col-md-3 col-sm-3 fusion-content-box-hover content-box-column-first-in-row\"><div class=\"col content-box-wrapper content-wrapper link-area-box link-type-button-bar icon-hover-animation-fade\" data-link=\"http:\/\/amis-hauteville.fr\/fr\/lyings\/\" data-link-target=\"_self\" data-animationOffset=\"top-into-view\"><div class=\"heading heading-with-icon icon-left\"><a class=\"heading-link\" href=\"http:\/\/amis-hauteville.fr\/fr\/lyings\/\" target=\"_self\"><div class=\"icon\"><i style=\"border-color:#ffffff;border-width:2px;background-color:#282a2d;box-sizing:content-box;height:116px;width:116px;line-height:116px;border-radius:50%;font-size:58px;\" aria-hidden=\"true\" class=\"fontawesome-icon fa-search fas circle-yes\"><\/i><\/div><h2 class=\"content-box-heading fusion-responsive-typography-calculated\" style=\"--h2_typography-font-size:18px;--fontSize:18;line-height:1.22;\">LYINGS<\/h2><\/a><\/div><div class=\"fusion-clearfix\"><\/div><div class=\"content-container\"><span style=\"color: #ffffff;\">une forme de m\u00e9ditation<\/span><\/div><\/div><\/div><div style=\"--awb-backgroundcolor:transparent;--awb-iconcolor:#ffffff;\" class=\"fusion-column content-box-column content-box-column content-box-column-6 col-lg-3 col-md-3 col-sm-3 fusion-content-box-hover \"><div class=\"col content-box-wrapper content-wrapper link-area-box link-type-button-bar icon-hover-animation-fade\" data-link=\"http:\/\/amis-hauteville.fr\/fr\/conferences\/\" data-link-target=\"_self\" data-animationOffset=\"top-into-view\"><div class=\"heading heading-with-icon icon-left\"><a class=\"heading-link\" href=\"http:\/\/amis-hauteville.fr\/fr\/conferences\/\" target=\"_self\"><div class=\"icon\"><i style=\"border-color:#ffffff;border-width:2px;background-color:#282a2d;box-sizing:content-box;height:116px;width:116px;line-height:116px;border-radius:50%;font-size:58px;\" aria-hidden=\"true\" class=\"fontawesome-icon fa-comment fas circle-yes\"><\/i><\/div><h2 class=\"content-box-heading fusion-responsive-typography-calculated\" style=\"--h2_typography-font-size:18px;--fontSize:18;line-height:1.22;\">CONFERENCES<\/h2><\/a><\/div><div class=\"fusion-clearfix\"><\/div><div class=\"content-container\">\n<p>agenda des conf\u00e9rences<\/p>\n<\/div><\/div><\/div><div style=\"--awb-backgroundcolor:transparent;--awb-iconcolor:#ffffff;\" class=\"fusion-column content-box-column content-box-column content-box-column-7 col-lg-3 col-md-3 col-sm-3 fusion-content-box-hover content-box-column-last\"><div class=\"col content-box-wrapper content-wrapper link-area-box link-type-button-bar icon-hover-animation-fade\" data-link=\"http:\/\/amis-hauteville.fr\/fr\/liens\/\" data-link-target=\"_self\" data-animationOffset=\"top-into-view\"><div class=\"heading heading-with-icon icon-left\"><a class=\"heading-link\" href=\"http:\/\/amis-hauteville.fr\/fr\/liens\/\" target=\"_self\"><div class=\"icon\"><i style=\"border-color:#ffffff;border-width:2px;background-color:#282a2d;box-sizing:content-box;height:116px;width:116px;line-height:116px;border-radius:50%;font-size:58px;\" aria-hidden=\"true\" class=\"fontawesome-icon fa-long-arrow-alt-right fas circle-yes\"><\/i><\/div><h2 class=\"content-box-heading fusion-responsive-typography-calculated\" style=\"--h2_typography-font-size:18px;--fontSize:18;line-height:1.22;\">LIENS<\/h2><\/a><\/div><div class=\"fusion-clearfix\"><\/div><div class=\"content-container\">\n<p>liens vers deux sites importants<\/p>\n<\/div><\/div><\/div><div class=\"fusion-clearfix\"><\/div><\/div><div class=\"fusion-clearfix\"><\/div><\/div><\/div><\/div><\/div><div class=\"fusion-fullwidth fullwidth-box fusion-builder-row-4 hundred-percent-fullwidth non-hundred-percent-height-scrolling\" style=\"--awb-border-sizes-top:0px;--awb-border-sizes-bottom:0px;--awb-border-sizes-left:0px;--awb-border-sizes-right:0px;--awb-border-color:#f44336;--awb-border-style:dashed;--awb-border-radius-top-left:0px;--awb-border-radius-top-right:0px;--awb-border-radius-bottom-right:0px;--awb-border-radius-bottom-left:0px;--awb-margin-top:0px;--awb-margin-bottom:0px;--awb-flex-wrap:wrap;\" ><div class=\"fusion-builder-row fusion-row\"><div class=\"fusion-layout-column fusion_builder_column fusion-builder-column-3 fusion_builder_column_1_1 1_1 fusion-one-full fusion-column-first fusion-column-last\" style=\"--awb-bg-size:cover;--awb-border-color:#8bc34a;--awb-border-top:0;--awb-border-right:0;--awb-border-bottom:0;--awb-border-left:0;--awb-border-style:dotted;\"><div class=\"fusion-column-wrapper fusion-flex-column-wrapper-legacy\"><div class=\"fusion-column-content-centered\"><div class=\"fusion-column-content\"><div class=\"fusion-image-element fusion-image-align-center in-legacy-container\" style=\"text-align:center;--awb-caption-title-font-family:var(--h2_typography-font-family);--awb-caption-title-font-weight:var(--h2_typography-font-weight);--awb-caption-title-font-style:var(--h2_typography-font-style);--awb-caption-title-size:var(--h2_typography-font-size);--awb-caption-title-transform:var(--h2_typography-text-transform);--awb-caption-title-line-height:var(--h2_typography-line-height);--awb-caption-title-letter-spacing:var(--h2_typography-letter-spacing);\"><div class=\"imageframe-align-center\"><span class=\" fusion-imageframe imageframe-none imageframe-2 hover-type-none\"><img decoding=\"async\" width=\"2500\" height=\"60\" title=\"Frise double \u00e0 2500px_154_mg_2922\" src=\"http:\/\/amis-hauteville.fr\/fr\/wp-content\/uploads\/2017\/10\/Frise-double-\u00e0-2500px_154_mg_2922.jpg\" alt class=\"img-responsive wp-image-807\" srcset=\"http:\/\/amis-hauteville.fr\/fr\/wp-content\/uploads\/2017\/10\/Frise-double-\u00e0-2500px_154_mg_2922-200x5.jpg 200w, http:\/\/amis-hauteville.fr\/fr\/wp-content\/uploads\/2017\/10\/Frise-double-\u00e0-2500px_154_mg_2922-400x10.jpg 400w, http:\/\/amis-hauteville.fr\/fr\/wp-content\/uploads\/2017\/10\/Frise-double-\u00e0-2500px_154_mg_2922-600x14.jpg 600w, http:\/\/amis-hauteville.fr\/fr\/wp-content\/uploads\/2017\/10\/Frise-double-\u00e0-2500px_154_mg_2922-800x19.jpg 800w, http:\/\/amis-hauteville.fr\/fr\/wp-content\/uploads\/2017\/10\/Frise-double-\u00e0-2500px_154_mg_2922-1200x29.jpg 1200w, http:\/\/amis-hauteville.fr\/fr\/wp-content\/uploads\/2017\/10\/Frise-double-\u00e0-2500px_154_mg_2922.jpg 2500w\" sizes=\"(max-width: 800px) 100vw, 1200px\" \/><\/span><\/div><\/div><\/div><\/div><div class=\"fusion-clearfix\"><\/div><\/div><\/div><\/div><\/div><\/p>\n","protected":false},"excerpt":{"rendered":"","protected":false},"author":1,"featured_media":0,"parent":0,"menu_order":0,"comment_status":"closed","ping_status":"closed","template":"100-width.php","meta":{"footnotes":""},"yst_prominent_words":[335,126,125,58,131,337,336],"class_list":["post-30","page","type-page","status-publish","hentry"],"_links":{"self":[{"href":"http:\/\/amis-hauteville.fr\/fr\/wp-json\/wp\/v2\/pages\/30","targetHints":{"allow":["GET"]}}],"collection":[{"href":"http:\/\/amis-hauteville.fr\/fr\/wp-json\/wp\/v2\/pages"}],"about":[{"href":"http:\/\/amis-hauteville.fr\/fr\/wp-json\/wp\/v2\/types\/page"}],"author":[{"embeddable":true,"href":"http:\/\/amis-hauteville.fr\/fr\/wp-json\/wp\/v2\/users\/1"}],"replies":[{"embeddable":true,"href":"http:\/\/amis-hauteville.fr\/fr\/wp-json\/wp\/v2\/comments?post=30"}],"version-history":[{"count":186,"href":"http:\/\/amis-hauteville.fr\/fr\/wp-json\/wp\/v2\/pages\/30\/revisions"}],"predecessor-version":[{"id":2798,"href":"http:\/\/amis-hauteville.fr\/fr\/wp-json\/wp\/v2\/pages\/30\/revisions\/2798"}],"wp:attachment":[{"href":"http:\/\/amis-hauteville.fr\/fr\/wp-json\/wp\/v2\/media?parent=30"}],"wp:term":[{"taxonomy":"yst_prominent_words","embeddable":true,"href":"http:\/\/amis-hauteville.fr\/fr\/wp-json\/wp\/v2\/yst_prominent_words?post=30"}],"curies":[{"name":"wp","href":"https:\/\/api.w.org\/{rel}","templated":true}]}}