{"id":27,"date":"2017-10-09T13:44:51","date_gmt":"2017-10-09T11:44:51","guid":{"rendered":"http:\/\/arnaud-desjardins-hauteville.fr\/fr\/?page_id=27"},"modified":"2022-10-13T00:20:44","modified_gmt":"2022-10-12T22:20:44","slug":"sejours","status":"publish","type":"page","link":"http:\/\/amis-hauteville.fr\/fr\/sejours\/","title":{"rendered":"Retraite spirituelle \u00e0 Hauteville"},"content":{"rendered":"<p><div class=\"fusion-fullwidth fullwidth-box fusion-builder-row-1 hundred-percent-fullwidth non-hundred-percent-height-scrolling\" style=\"--awb-border-sizes-top:0px;--awb-border-sizes-bottom:0px;--awb-border-sizes-left:0px;--awb-border-sizes-right:0px;--awb-border-color:#f44336;--awb-border-style:dashed;--awb-border-radius-top-left:0px;--awb-border-radius-top-right:0px;--awb-border-radius-bottom-right:0px;--awb-border-radius-bottom-left:0px;--awb-margin-top:0px;--awb-margin-bottom:0px;--awb-flex-wrap:wrap;\" ><div class=\"fusion-builder-row fusion-row\"><div class=\"fusion-layout-column fusion_builder_column fusion-builder-column-0 fusion_builder_column_1_1 1_1 fusion-one-full fusion-column-first fusion-column-last\" style=\"--awb-bg-size:cover;--awb-border-color:#8bc34a;--awb-border-top:0;--awb-border-right:0;--awb-border-bottom:0;--awb-border-left:0;--awb-border-style:dotted;\"><div class=\"fusion-column-wrapper fusion-flex-column-wrapper-legacy\"><div class=\"fusion-column-content-centered\"><div class=\"fusion-column-content\"><div class=\"fusion-image-element fusion-image-align-center in-legacy-container\" style=\"text-align:center;--awb-caption-title-font-family:var(--h2_typography-font-family);--awb-caption-title-font-weight:var(--h2_typography-font-weight);--awb-caption-title-font-style:var(--h2_typography-font-style);--awb-caption-title-size:var(--h2_typography-font-size);--awb-caption-title-transform:var(--h2_typography-text-transform);--awb-caption-title-line-height:var(--h2_typography-line-height);--awb-caption-title-letter-spacing:var(--h2_typography-letter-spacing);\"><div class=\"imageframe-align-center\"><span class=\" fusion-imageframe imageframe-none imageframe-1 hover-type-none\"><img decoding=\"async\" width=\"2500\" height=\"60\" title=\"Frise double \u00e0 2500px_154_mg_2922\" src=\"http:\/\/amis-hauteville.fr\/fr\/wp-content\/uploads\/2017\/10\/Frise-double-\u00e0-2500px_154_mg_2922.jpg\" alt class=\"img-responsive wp-image-807\" srcset=\"http:\/\/amis-hauteville.fr\/fr\/wp-content\/uploads\/2017\/10\/Frise-double-\u00e0-2500px_154_mg_2922-200x5.jpg 200w, http:\/\/amis-hauteville.fr\/fr\/wp-content\/uploads\/2017\/10\/Frise-double-\u00e0-2500px_154_mg_2922-400x10.jpg 400w, http:\/\/amis-hauteville.fr\/fr\/wp-content\/uploads\/2017\/10\/Frise-double-\u00e0-2500px_154_mg_2922-600x14.jpg 600w, http:\/\/amis-hauteville.fr\/fr\/wp-content\/uploads\/2017\/10\/Frise-double-\u00e0-2500px_154_mg_2922-800x19.jpg 800w, http:\/\/amis-hauteville.fr\/fr\/wp-content\/uploads\/2017\/10\/Frise-double-\u00e0-2500px_154_mg_2922-1200x29.jpg 1200w, http:\/\/amis-hauteville.fr\/fr\/wp-content\/uploads\/2017\/10\/Frise-double-\u00e0-2500px_154_mg_2922.jpg 2500w\" sizes=\"(max-width: 800px) 100vw, 1200px\" \/><\/span><\/div><\/div><\/div><\/div><div class=\"fusion-clearfix\"><\/div><\/div><\/div><\/div><\/div><div class=\"fusion-fullwidth fullwidth-box fusion-builder-row-2 nonhundred-percent-fullwidth non-hundred-percent-height-scrolling\" style=\"--awb-border-sizes-top:0px;--awb-border-sizes-bottom:0px;--awb-border-sizes-left:0px;--awb-border-sizes-right:0px;--awb-border-color:#e91e63;--awb-border-style:dotted;--awb-border-radius-top-left:0px;--awb-border-radius-top-right:0px;--awb-border-radius-bottom-right:0px;--awb-border-radius-bottom-left:0px;--awb-margin-top:50px;--awb-flex-wrap:wrap;\" ><div class=\"fusion-builder-row fusion-row\"><div class=\"fusion-layout-column fusion_builder_column fusion-builder-column-1 fusion_builder_column_1_1 1_1 fusion-one-full fusion-column-first fusion-column-last fusion-animated\" style=\"--awb-padding-top:30px;--awb-bg-color:#303030;--awb-bg-color-hover:#303030;--awb-bg-size:cover;--awb-border-color:#c6c6c6;--awb-border-top:1px;--awb-border-right:1px;--awb-border-bottom:1px;--awb-border-left:1px;--awb-border-style:solid;\" data-animationType=\"fadeInUp\" data-animationDuration=\"1.0\" data-animationOffset=\"top-into-view\"><div class=\"fusion-column-wrapper fusion-flex-column-wrapper-legacy\"><div class=\"fusion-text fusion-text-1\"><h2 style=\"text-align: center;\"><span style=\"color: #e5561d; font-family: Libre Baskerville;\">S\u00c9JOURS<br \/>\n<\/span><\/h2>\n<h3 style=\"text-align: center;\"><span style=\"color: #ffffff;\">&#8211; une retraite spirituelle \u00e0 Hauteville &#8211;<\/span><\/h3>\n<\/div><div class=\"fusion-clearfix\"><\/div><\/div><\/div><\/div><\/div><div class=\"fusion-fullwidth fullwidth-box fusion-builder-row-3 nonhundred-percent-fullwidth non-hundred-percent-height-scrolling\" style=\"--awb-border-radius-top-left:0px;--awb-border-radius-top-right:0px;--awb-border-radius-bottom-right:0px;--awb-border-radius-bottom-left:0px;--awb-margin-top:30px;--awb-flex-wrap:wrap;\" ><div class=\"fusion-builder-row fusion-row\"><div class=\"fusion-layout-column fusion_builder_column fusion-builder-column-2 fusion_builder_column_1_1 1_1 fusion-one-full fusion-column-first fusion-column-last\" style=\"--awb-bg-size:cover;--awb-margin-top:50px;\"><div class=\"fusion-column-wrapper fusion-flex-column-wrapper-legacy\"><div class=\"fusion-text fusion-text-2\"><p style=\"text-align: justify;\">Hauteville transmet une pratique spirituelle qui se vit principalement au quotidien, au c\u0153ur de l\u2019existence concr\u00e8te. L\u2019ashram ne propose donc pas une vie communautaire mais accueille ceux qui le souhaitent lors de retraites o\u00f9 alternent des moments de silence, propices \u00e0 l\u2019int\u00e9riorisation, et des moments de partage et de r\u00e9flexion.<\/p>\n<\/div><div class=\"fusion-clearfix\"><\/div><\/div><\/div><\/div><\/div><div class=\"fusion-fullwidth fullwidth-box fusion-builder-row-4 nonhundred-percent-fullwidth non-hundred-percent-height-scrolling\" style=\"--awb-border-sizes-top:0px;--awb-border-sizes-bottom:0px;--awb-border-sizes-left:0px;--awb-border-sizes-right:0px;--awb-border-color:#f44336;--awb-border-style:dotted;--awb-border-radius-top-left:0px;--awb-border-radius-top-right:0px;--awb-border-radius-bottom-right:0px;--awb-border-radius-bottom-left:0px;--awb-flex-wrap:wrap;\" ><div class=\"fusion-builder-row fusion-row\"><div class=\"fusion-layout-column fusion_builder_column fusion-builder-column-3 fusion_builder_column_1_1 1_1 fusion-one-full fusion-column-first fusion-column-last\" style=\"--awb-bg-size:cover;--awb-border-color:#8bc34a;--awb-border-top:0;--awb-border-right:0;--awb-border-bottom:0;--awb-border-left:0;--awb-border-style:dotted;\"><div class=\"fusion-column-wrapper fusion-flex-column-wrapper-legacy\"><div class=\"fusion-title title fusion-title-1 fusion-title-center fusion-title-text fusion-title-size-one\" style=\"--awb-margin-bottom:0px;--awb-sep-color:#515151;\"><div class=\"title-sep-container title-sep-container-left\"><div class=\"title-sep sep-single sep-solid\" style=\"border-color:#515151;\"><\/div><\/div><span class=\"awb-title-spacer\"><\/span><h1 class=\"fusion-title-heading title-heading-center fusion-responsive-typography-calculated\" style=\"margin:0;--fontSize:100;line-height:1.75;\"><img decoding=\"async\" class=\"size-full wp-image-179 aligncenter\" src=\"http:\/\/amis-hauteville.fr\/fr\/wp-content\/uploads\/2017\/10\/Fleur-de-section.png\" alt=\"\" width=\"50\" height=\"50\" \/><\/h1><span class=\"awb-title-spacer\"><\/span><div class=\"title-sep-container title-sep-container-right\"><div class=\"title-sep sep-single sep-solid\" style=\"border-color:#515151;\"><\/div><\/div><\/div><div class=\"fusion-clearfix\"><\/div><\/div><\/div><\/div><\/div><div class=\"fusion-fullwidth fullwidth-box fusion-builder-row-5 nonhundred-percent-fullwidth non-hundred-percent-height-scrolling\" style=\"--awb-border-radius-top-left:0px;--awb-border-radius-top-right:0px;--awb-border-radius-bottom-right:0px;--awb-border-radius-bottom-left:0px;--awb-margin-bottom:40px;--awb-flex-wrap:wrap;\" ><div class=\"fusion-builder-row fusion-row\"><div class=\"fusion-layout-column fusion_builder_column fusion-builder-column-4 fusion_builder_column_1_5 1_5 fusion-one-fifth fusion-column-first\" style=\"--awb-bg-size:cover;--awb-margin-top:30px;width:20%;width:calc(20% - ( ( 4% ) * 0.2 ) );margin-right: 4%;\"><div class=\"fusion-column-wrapper fusion-flex-column-wrapper-legacy\"><div class=\"fusion-image-element in-legacy-container\" style=\"--awb-caption-title-font-family:var(--h2_typography-font-family);--awb-caption-title-font-weight:var(--h2_typography-font-weight);--awb-caption-title-font-style:var(--h2_typography-font-style);--awb-caption-title-size:var(--h2_typography-font-size);--awb-caption-title-transform:var(--h2_typography-text-transform);--awb-caption-title-line-height:var(--h2_typography-line-height);--awb-caption-title-letter-spacing:var(--h2_typography-letter-spacing);\"><span class=\" fusion-imageframe imageframe-none imageframe-2 hover-type-none\"><img decoding=\"async\" width=\"300\" height=\"159\" alt=\"Retraite spirituelle: repas en silence\" title=\"Retraite spirituelle: repas en silence\" src=\"http:\/\/amis-hauteville.fr\/fr\/wp-content\/uploads\/2017\/10\/SEJOURS_Repas.jpg\" class=\"img-responsive wp-image-1477\" srcset=\"http:\/\/amis-hauteville.fr\/fr\/wp-content\/uploads\/2017\/10\/SEJOURS_Repas-200x106.jpg 200w, http:\/\/amis-hauteville.fr\/fr\/wp-content\/uploads\/2017\/10\/SEJOURS_Repas.jpg 300w\" sizes=\"(max-width: 800px) 100vw, 300px\" \/><\/span><\/div><div class=\"fusion-image-element in-legacy-container\" style=\"--awb-caption-title-font-family:var(--h2_typography-font-family);--awb-caption-title-font-weight:var(--h2_typography-font-weight);--awb-caption-title-font-style:var(--h2_typography-font-style);--awb-caption-title-size:var(--h2_typography-font-size);--awb-caption-title-transform:var(--h2_typography-text-transform);--awb-caption-title-line-height:var(--h2_typography-line-height);--awb-caption-title-letter-spacing:var(--h2_typography-letter-spacing);\"><span class=\" fusion-imageframe imageframe-none imageframe-3 hover-type-none\"><img decoding=\"async\" width=\"300\" height=\"159\" alt=\"Retraite spirituelle: hatha yoga\" title=\"Retraite spirituelle: hatha yoga\" src=\"http:\/\/amis-hauteville.fr\/fr\/wp-content\/uploads\/2017\/10\/SEJOURS_hatha-yoga.jpg\" class=\"img-responsive wp-image-1476\" srcset=\"http:\/\/amis-hauteville.fr\/fr\/wp-content\/uploads\/2017\/10\/SEJOURS_hatha-yoga-200x106.jpg 200w, http:\/\/amis-hauteville.fr\/fr\/wp-content\/uploads\/2017\/10\/SEJOURS_hatha-yoga.jpg 300w\" sizes=\"(max-width: 800px) 100vw, 300px\" \/><\/span><\/div><div class=\"fusion-image-element in-legacy-container\" style=\"--awb-caption-title-font-family:var(--h2_typography-font-family);--awb-caption-title-font-weight:var(--h2_typography-font-weight);--awb-caption-title-font-style:var(--h2_typography-font-style);--awb-caption-title-size:var(--h2_typography-font-size);--awb-caption-title-transform:var(--h2_typography-text-transform);--awb-caption-title-line-height:var(--h2_typography-line-height);--awb-caption-title-letter-spacing:var(--h2_typography-letter-spacing);\"><span class=\" fusion-imageframe imageframe-none imageframe-4 hover-type-none\"><img decoding=\"async\" width=\"300\" height=\"159\" alt=\"Dojo\" title=\"Dojo\" src=\"http:\/\/amis-hauteville.fr\/fr\/wp-content\/uploads\/2017\/11\/SEJOURS_Dojo3.jpg\" class=\"img-responsive wp-image-2307\" srcset=\"http:\/\/amis-hauteville.fr\/fr\/wp-content\/uploads\/2017\/11\/SEJOURS_Dojo3-200x106.jpg 200w, http:\/\/amis-hauteville.fr\/fr\/wp-content\/uploads\/2017\/11\/SEJOURS_Dojo3.jpg 300w\" sizes=\"(max-width: 800px) 100vw, 300px\" \/><\/span><\/div><div class=\"fusion-image-element in-legacy-container\" style=\"--awb-caption-title-font-family:var(--h2_typography-font-family);--awb-caption-title-font-weight:var(--h2_typography-font-weight);--awb-caption-title-font-style:var(--h2_typography-font-style);--awb-caption-title-size:var(--h2_typography-font-size);--awb-caption-title-transform:var(--h2_typography-text-transform);--awb-caption-title-line-height:var(--h2_typography-line-height);--awb-caption-title-letter-spacing:var(--h2_typography-letter-spacing);\"><span class=\" fusion-imageframe imageframe-none imageframe-5 hover-type-none\"><img decoding=\"async\" width=\"300\" height=\"159\" alt=\"Retraite spirituelle: promenade en for\u00eat\" title=\"Retraite spirituelle: promenade en for\u00eat\" src=\"http:\/\/amis-hauteville.fr\/fr\/wp-content\/uploads\/2017\/10\/SEJOURS_Veronique-jardin-meditation.jpg\" class=\"img-responsive wp-image-1487\" srcset=\"http:\/\/amis-hauteville.fr\/fr\/wp-content\/uploads\/2017\/10\/SEJOURS_Veronique-jardin-meditation-200x106.jpg 200w, http:\/\/amis-hauteville.fr\/fr\/wp-content\/uploads\/2017\/10\/SEJOURS_Veronique-jardin-meditation.jpg 300w\" sizes=\"(max-width: 800px) 100vw, 300px\" \/><\/span><\/div><div class=\"fusion-image-element in-legacy-container\" style=\"--awb-caption-title-font-family:var(--h2_typography-font-family);--awb-caption-title-font-weight:var(--h2_typography-font-weight);--awb-caption-title-font-style:var(--h2_typography-font-style);--awb-caption-title-size:var(--h2_typography-font-size);--awb-caption-title-transform:var(--h2_typography-text-transform);--awb-caption-title-line-height:var(--h2_typography-line-height);--awb-caption-title-letter-spacing:var(--h2_typography-letter-spacing);\"><span class=\" fusion-imageframe imageframe-none imageframe-6 hover-type-none\"><img decoding=\"async\" width=\"300\" height=\"159\" alt=\"Petite chapelle tib\u00e9taine\" title=\"Petite chapelle tib\u00e9taine\" src=\"http:\/\/amis-hauteville.fr\/fr\/wp-content\/uploads\/2017\/10\/SEJOURS_Chapelle-tibetaine.jpg\" class=\"img-responsive wp-image-1474\" srcset=\"http:\/\/amis-hauteville.fr\/fr\/wp-content\/uploads\/2017\/10\/SEJOURS_Chapelle-tibetaine-200x106.jpg 200w, http:\/\/amis-hauteville.fr\/fr\/wp-content\/uploads\/2017\/10\/SEJOURS_Chapelle-tibetaine.jpg 300w\" sizes=\"(max-width: 800px) 100vw, 300px\" \/><\/span><\/div><div class=\"fusion-image-element in-legacy-container\" style=\"--awb-caption-title-font-family:var(--h2_typography-font-family);--awb-caption-title-font-weight:var(--h2_typography-font-weight);--awb-caption-title-font-style:var(--h2_typography-font-style);--awb-caption-title-size:var(--h2_typography-font-size);--awb-caption-title-transform:var(--h2_typography-text-transform);--awb-caption-title-line-height:var(--h2_typography-line-height);--awb-caption-title-letter-spacing:var(--h2_typography-letter-spacing);\"><span class=\" fusion-imageframe imageframe-none imageframe-7 hover-type-none\"><img decoding=\"async\" width=\"300\" height=\"159\" alt=\"Retraite spirituelle: marche silencieuse\" title=\"Retraite spirituelle: marche silencieuse\" src=\"http:\/\/amis-hauteville.fr\/fr\/wp-content\/uploads\/2017\/10\/SEJOURS_ballade.jpg\" class=\"img-responsive wp-image-1473\" srcset=\"http:\/\/amis-hauteville.fr\/fr\/wp-content\/uploads\/2017\/10\/SEJOURS_ballade-200x106.jpg 200w, http:\/\/amis-hauteville.fr\/fr\/wp-content\/uploads\/2017\/10\/SEJOURS_ballade.jpg 300w\" sizes=\"(max-width: 800px) 100vw, 300px\" \/><\/span><\/div><div class=\"fusion-image-element in-legacy-container\" style=\"--awb-caption-title-font-family:var(--h2_typography-font-family);--awb-caption-title-font-weight:var(--h2_typography-font-weight);--awb-caption-title-font-style:var(--h2_typography-font-style);--awb-caption-title-size:var(--h2_typography-font-size);--awb-caption-title-transform:var(--h2_typography-text-transform);--awb-caption-title-line-height:var(--h2_typography-line-height);--awb-caption-title-letter-spacing:var(--h2_typography-letter-spacing);\"><span class=\" fusion-imageframe imageframe-none imageframe-8 hover-type-none\"><img decoding=\"async\" width=\"300\" height=\"159\" alt=\"Salle d&#039;\u00e9tude juive\" title=\"Salle d&rsquo;\u00e9tude juive\" src=\"http:\/\/amis-hauteville.fr\/fr\/wp-content\/uploads\/2017\/11\/SEJOURS_Salle-juive_IMG_2443.jpg\" class=\"img-responsive wp-image-2309\" srcset=\"http:\/\/amis-hauteville.fr\/fr\/wp-content\/uploads\/2017\/11\/SEJOURS_Salle-juive_IMG_2443-200x106.jpg 200w, http:\/\/amis-hauteville.fr\/fr\/wp-content\/uploads\/2017\/11\/SEJOURS_Salle-juive_IMG_2443.jpg 300w\" sizes=\"(max-width: 800px) 100vw, 300px\" \/><\/span><\/div><div class=\"fusion-image-element in-legacy-container\" style=\"--awb-caption-title-font-family:var(--h2_typography-font-family);--awb-caption-title-font-weight:var(--h2_typography-font-weight);--awb-caption-title-font-style:var(--h2_typography-font-style);--awb-caption-title-size:var(--h2_typography-font-size);--awb-caption-title-transform:var(--h2_typography-text-transform);--awb-caption-title-line-height:var(--h2_typography-line-height);--awb-caption-title-letter-spacing:var(--h2_typography-letter-spacing);\"><span class=\" fusion-imageframe imageframe-none imageframe-9 hover-type-none\"><img decoding=\"async\" width=\"300\" height=\"159\" alt=\"Petite mosqu\u00e9e\" title=\"Petite mosqu\u00e9e\" src=\"http:\/\/amis-hauteville.fr\/fr\/wp-content\/uploads\/2017\/11\/SEJOURS_Mosqu\u00e9e_IMG_5600-1.jpg\" class=\"img-responsive wp-image-2308\" srcset=\"http:\/\/amis-hauteville.fr\/fr\/wp-content\/uploads\/2017\/11\/SEJOURS_Mosqu\u00e9e_IMG_5600-1-200x106.jpg 200w, http:\/\/amis-hauteville.fr\/fr\/wp-content\/uploads\/2017\/11\/SEJOURS_Mosqu\u00e9e_IMG_5600-1.jpg 300w\" sizes=\"(max-width: 800px) 100vw, 300px\" \/><\/span><\/div><div class=\"fusion-image-element in-legacy-container\" style=\"--awb-caption-title-font-family:var(--h2_typography-font-family);--awb-caption-title-font-weight:var(--h2_typography-font-weight);--awb-caption-title-font-style:var(--h2_typography-font-style);--awb-caption-title-size:var(--h2_typography-font-size);--awb-caption-title-transform:var(--h2_typography-text-transform);--awb-caption-title-line-height:var(--h2_typography-line-height);--awb-caption-title-letter-spacing:var(--h2_typography-letter-spacing);\"><span class=\" fusion-imageframe imageframe-none imageframe-10 hover-type-none\"><img decoding=\"async\" width=\"300\" height=\"159\" alt=\"Chapelle chr\u00e9tienne\" title=\"Chapelle chr\u00e9tienne\" src=\"http:\/\/amis-hauteville.fr\/fr\/wp-content\/uploads\/2017\/11\/SEJOURS_Chapelle_IMG_5602.jpg\" class=\"img-responsive wp-image-2306\" srcset=\"http:\/\/amis-hauteville.fr\/fr\/wp-content\/uploads\/2017\/11\/SEJOURS_Chapelle_IMG_5602-200x106.jpg 200w, http:\/\/amis-hauteville.fr\/fr\/wp-content\/uploads\/2017\/11\/SEJOURS_Chapelle_IMG_5602.jpg 300w\" sizes=\"(max-width: 800px) 100vw, 300px\" \/><\/span><\/div><div class=\"fusion-clearfix\"><\/div><\/div><\/div><div class=\"fusion-layout-column fusion_builder_column fusion-builder-column-5 fusion_builder_column_4_5 4_5 fusion-four-fifth fusion-column-last\" style=\"--awb-bg-size:cover;--awb-margin-top:25px;--awb-margin-bottom:25px;width:80%;width:calc(80% - ( ( 4% ) * 0.8 ) );\"><div class=\"fusion-column-wrapper fusion-flex-column-wrapper-legacy\"><div class=\"fusion-text fusion-text-3\"><p style=\"text-align: justify;\"><span style=\"color: #e5561d;\"><strong>Les s\u00e9jours<\/strong><\/span><strong><span style=\"color: #e5561d;\"> :<\/span><br \/>\n<\/strong>Les s\u00e9jours s\u2019\u00e9tendent sur une dur\u00e9e variable allant de quelques jours \u00e0 une semaine, ou plus.<br \/>\nLa journ\u00e9e est rythm\u00e9e par deux m\u00e9ditations quotidiennes, des r\u00e9unions de questions-r\u00e9ponses, un travail corporel, des groupes d\u2019approfondissement de la pratique propos\u00e9e sur cette voie et, pour ceux qui le souhaitent, des entretiens en t\u00eate \u00e0 t\u00eate.<\/p>\n<p style=\"text-align: justify;\"><span style=\"color: #e5561d;\"><strong>H\u00e9bergement, repas, <em>seva<\/em><\/strong><\/span><strong><span style=\"color: #e5561d;\"> :<\/span><br \/>\n<\/strong>Les chambres peuvent accueillir entre une et quatre personnes, selon le nombre global de r\u00e9sidents \u00e0 l\u2019ashram. Pour favoriser le recueillement, des chambres individuelles sont propos\u00e9es chaque fois que possible.<br \/>\nLa nourriture est tr\u00e8s majoritairement v\u00e9g\u00e9tarienne et biologique.<br \/>\nLes personnes en s\u00e9jour participent aux t\u00e2ches quotidiennes (<em>seva<\/em>) : aide \u00e0 la pr\u00e9paration des repas, m\u00e9nage, jardinage, travaux divers\u2026<\/p>\n<p style=\"text-align: justify;\"><strong><span style=\"color: #e5561d;\">Les sanctuaires :<\/span><br \/>\n<\/strong>Une salle d\u2019\u00e9tude juive (<em>beth midrash<\/em>), une chapelle chr\u00e9tienne et une petite mosqu\u00e9e ont \u00e9t\u00e9 am\u00e9nag\u00e9es pour permettre \u00e0 ceux qui le souhaitent de retrouver leurs racines religieuses. Le besoin de se r\u00e9concilier avec ses racines peut faire partie d\u2019une d\u00e9marche de connaissance de soi et d\u2019unification int\u00e9rieure.<br \/>\nCes lieux ont en outre pour vocation de manifester l\u2019unit\u00e9 entre les trois grandes religions, unit\u00e9 qu\u2019Arnaud Desjardins a inlassablement mise en lumi\u00e8re durant son existence.<\/p>\n<p style=\"text-align: justify;\"><strong><span style=\"color: #e5561d;\">Donation libre :<br \/>\n<\/span><\/strong>L\u2019Association \u00ab\u00a0Les Amis de Hauteville\u00a0\u00bb vit et subsiste gr\u00e2ce aux donations de ses adh\u00e9rents. Il n\u2019y a pas de tarification autre que la cotisation statutaire annuelle et chacun apporte sa contribution financi\u00e8re selon ses propres moyens.<\/p>\n<\/div><div class=\"fusion-clearfix\"><\/div><\/div><\/div><\/div><\/div><div class=\"fusion-fullwidth fullwidth-box fusion-builder-row-6 hundred-percent-fullwidth non-hundred-percent-height-scrolling\" style=\"--awb-border-sizes-top:0px;--awb-border-sizes-bottom:0px;--awb-border-sizes-left:0px;--awb-border-sizes-right:0px;--awb-border-color:#f44336;--awb-border-style:dashed;--awb-border-radius-top-left:0px;--awb-border-radius-top-right:0px;--awb-border-radius-bottom-right:0px;--awb-border-radius-bottom-left:0px;--awb-margin-top:0px;--awb-margin-bottom:0px;--awb-flex-wrap:wrap;\" ><div class=\"fusion-builder-row fusion-row\"><div class=\"fusion-layout-column fusion_builder_column fusion-builder-column-6 fusion_builder_column_1_1 1_1 fusion-one-full fusion-column-first fusion-column-last\" style=\"--awb-bg-size:cover;--awb-border-color:#8bc34a;--awb-border-top:0;--awb-border-right:0;--awb-border-bottom:0;--awb-border-left:0;--awb-border-style:dotted;\"><div class=\"fusion-column-wrapper fusion-flex-column-wrapper-legacy\"><div class=\"fusion-column-content-centered\"><div class=\"fusion-column-content\"><div class=\"fusion-image-element fusion-image-align-center in-legacy-container\" style=\"text-align:center;--awb-caption-title-font-family:var(--h2_typography-font-family);--awb-caption-title-font-weight:var(--h2_typography-font-weight);--awb-caption-title-font-style:var(--h2_typography-font-style);--awb-caption-title-size:var(--h2_typography-font-size);--awb-caption-title-transform:var(--h2_typography-text-transform);--awb-caption-title-line-height:var(--h2_typography-line-height);--awb-caption-title-letter-spacing:var(--h2_typography-letter-spacing);\"><div class=\"imageframe-align-center\"><span class=\" fusion-imageframe imageframe-none imageframe-11 hover-type-none\"><img decoding=\"async\" width=\"2500\" height=\"60\" title=\"Frise double \u00e0 2500px_154_mg_2922\" src=\"http:\/\/amis-hauteville.fr\/fr\/wp-content\/uploads\/2017\/10\/Frise-double-\u00e0-2500px_154_mg_2922.jpg\" alt class=\"img-responsive wp-image-807\" srcset=\"http:\/\/amis-hauteville.fr\/fr\/wp-content\/uploads\/2017\/10\/Frise-double-\u00e0-2500px_154_mg_2922-200x5.jpg 200w, http:\/\/amis-hauteville.fr\/fr\/wp-content\/uploads\/2017\/10\/Frise-double-\u00e0-2500px_154_mg_2922-400x10.jpg 400w, http:\/\/amis-hauteville.fr\/fr\/wp-content\/uploads\/2017\/10\/Frise-double-\u00e0-2500px_154_mg_2922-600x14.jpg 600w, http:\/\/amis-hauteville.fr\/fr\/wp-content\/uploads\/2017\/10\/Frise-double-\u00e0-2500px_154_mg_2922-800x19.jpg 800w, http:\/\/amis-hauteville.fr\/fr\/wp-content\/uploads\/2017\/10\/Frise-double-\u00e0-2500px_154_mg_2922-1200x29.jpg 1200w, http:\/\/amis-hauteville.fr\/fr\/wp-content\/uploads\/2017\/10\/Frise-double-\u00e0-2500px_154_mg_2922.jpg 2500w\" sizes=\"(max-width: 800px) 100vw, 1200px\" \/><\/span><\/div><\/div><\/div><\/div><div class=\"fusion-clearfix\"><\/div><\/div><\/div><\/div><\/div><\/p>\n","protected":false},"excerpt":{"rendered":"","protected":false},"author":1,"featured_media":0,"parent":0,"menu_order":0,"comment_status":"closed","ping_status":"closed","template":"100-width.php","meta":{"footnotes":""},"yst_prominent_words":[90,23,91,83,443,85,93,88,80,89,86,271,87,447],"class_list":["post-27","page","type-page","status-publish","hentry"],"_links":{"self":[{"href":"http:\/\/amis-hauteville.fr\/fr\/wp-json\/wp\/v2\/pages\/27","targetHints":{"allow":["GET"]}}],"collection":[{"href":"http:\/\/amis-hauteville.fr\/fr\/wp-json\/wp\/v2\/pages"}],"about":[{"href":"http:\/\/amis-hauteville.fr\/fr\/wp-json\/wp\/v2\/types\/page"}],"author":[{"embeddable":true,"href":"http:\/\/amis-hauteville.fr\/fr\/wp-json\/wp\/v2\/users\/1"}],"replies":[{"embeddable":true,"href":"http:\/\/amis-hauteville.fr\/fr\/wp-json\/wp\/v2\/comments?post=27"}],"version-history":[{"count":71,"href":"http:\/\/amis-hauteville.fr\/fr\/wp-json\/wp\/v2\/pages\/27\/revisions"}],"predecessor-version":[{"id":2825,"href":"http:\/\/amis-hauteville.fr\/fr\/wp-json\/wp\/v2\/pages\/27\/revisions\/2825"}],"wp:attachment":[{"href":"http:\/\/amis-hauteville.fr\/fr\/wp-json\/wp\/v2\/media?parent=27"}],"wp:term":[{"taxonomy":"yst_prominent_words","embeddable":true,"href":"http:\/\/amis-hauteville.fr\/fr\/wp-json\/wp\/v2\/yst_prominent_words?post=27"}],"curies":[{"name":"wp","href":"https:\/\/api.w.org\/{rel}","templated":true}]}}