{"id":2622,"date":"2019-02-19T15:56:35","date_gmt":"2019-02-19T14:56:35","guid":{"rendered":"http:\/\/amis-hauteville.fr\/fr\/?page_id=2622"},"modified":"2025-01-10T19:45:33","modified_gmt":"2025-01-10T18:45:33","slug":"conferences","status":"publish","type":"page","link":"http:\/\/amis-hauteville.fr\/fr\/conferences\/","title":{"rendered":"Conf\u00e9rences"},"content":{"rendered":"<p><div class=\"fusion-fullwidth fullwidth-box fusion-builder-row-1 nonhundred-percent-fullwidth non-hundred-percent-height-scrolling\" style=\"--awb-border-sizes-top:0px;--awb-border-sizes-bottom:0px;--awb-border-sizes-left:0px;--awb-border-sizes-right:0px;--awb-border-color:#e91e63;--awb-border-style:dashed;--awb-border-radius-top-left:0px;--awb-border-radius-top-right:0px;--awb-border-radius-bottom-right:0px;--awb-border-radius-bottom-left:0px;--awb-margin-top:50px;--awb-margin-bottom:-150px;--awb-flex-wrap:wrap;\" ><div class=\"fusion-builder-row fusion-row\"><div class=\"fusion-layout-column fusion_builder_column fusion-builder-column-0 fusion_builder_column_1_1 1_1 fusion-one-full fusion-column-first fusion-column-last\" style=\"--awb-bg-size:cover;--awb-border-color:#8bc34a;--awb-border-top:0;--awb-border-right:0;--awb-border-bottom:0;--awb-border-left:0;--awb-border-style:dashed;\"><div class=\"fusion-column-wrapper fusion-flex-column-wrapper-legacy\"><div class=\"fusion-content-boxes content-boxes columns row fusion-columns-6 fusion-columns-total-6 fusion-content-boxes-1 content-boxes-icon-on-top content-left\" style=\"--awb-body-color:#ffffff;--awb-title-color:#ffffff;--awb-iconcolor:#ffffff;--awb-margin-top:30px;--awb-hover-accent-color:#e5561d;--awb-circle-hover-accent-color:#e5561d;\" data-animationOffset=\"top-into-view\"><div style=\"--awb-backgroundcolor:transparent;--awb-iconcolor:#ffffff;\" class=\"fusion-column content-box-column content-box-column content-box-column-1 col-lg-2 col-md-2 col-sm-2 fusion-content-box-hover content-box-column-first-in-row\"><div class=\"col content-box-wrapper content-wrapper link-area-box link-type-button icon-hover-animation-fade\" data-link=\"http:\/\/amis-hauteville.fr\/fr\/biographie\/\" data-link-target=\"_self\" data-animationOffset=\"top-into-view\"><div class=\"heading heading-with-icon icon-left\"><a class=\"heading-link\" href=\"http:\/\/amis-hauteville.fr\/fr\/biographie\/\" target=\"_self\"><div class=\"icon\"><i style=\"border-color:#ffffff;border-width:2px;background-color:#282a2d;box-sizing:content-box;height:60px;width:60px;line-height:60px;border-radius:50%;font-size:30px;\" aria-hidden=\"true\" class=\"fontawesome-icon fa-user fas circle-yes\"><\/i><\/div><h2 class=\"content-box-heading fusion-responsive-typography-calculated\" style=\"--h2_typography-font-size:18px;--fontSize:18;line-height:1.22;\">BIOGRAPHIE<\/h2><\/a><\/div><div class=\"fusion-clearfix\"><\/div><div class=\"content-container\">\n<h6><span style=\"color: #242424;\">Biographie<\/span><\/h6>\n<\/div><\/div><\/div><div style=\"--awb-backgroundcolor:transparent;--awb-iconcolor:#ffffff;\" class=\"fusion-column content-box-column content-box-column content-box-column-2 col-lg-2 col-md-2 col-sm-2 fusion-content-box-hover \"><div class=\"col content-box-wrapper content-wrapper link-area-box link-type-button icon-hover-animation-fade\" data-link=\"http:\/\/amis-hauteville.fr\/fr\/textes\/\" data-link-target=\"_self\" data-animationOffset=\"top-into-view\"><div class=\"heading heading-with-icon icon-left\"><a class=\"heading-link\" href=\"http:\/\/amis-hauteville.fr\/fr\/textes\/\" target=\"_self\"><div class=\"icon\"><i style=\"border-color:#ffffff;border-width:2px;background-color:#282a2d;box-sizing:content-box;height:60px;width:60px;line-height:60px;border-radius:50%;font-size:30px;\" aria-hidden=\"true\" class=\"fontawesome-icon fa-book fas circle-yes\"><\/i><\/div><h2 class=\"content-box-heading fusion-responsive-typography-calculated\" style=\"--h2_typography-font-size:18px;--fontSize:18;line-height:1.22;\">LIVRES<\/h2><\/a><\/div><div class=\"fusion-clearfix\"><\/div><div class=\"content-container\">\n<h6><span style=\"color: #242424;\">Livres<\/span><\/h6>\n<\/div><\/div><\/div><div style=\"--awb-backgroundcolor:transparent;--awb-iconcolor:#ffffff;\" class=\"fusion-column content-box-column content-box-column content-box-column-3 col-lg-2 col-md-2 col-sm-2 fusion-content-box-hover \"><div class=\"col content-box-wrapper content-wrapper link-area-box link-type-button icon-hover-animation-fade\" data-link=\"http:\/\/amis-hauteville.fr\/fr\/videos\/\" data-link-target=\"_self\" data-animationOffset=\"top-into-view\"><div class=\"heading heading-with-icon icon-left\"><a class=\"heading-link\" href=\"http:\/\/amis-hauteville.fr\/fr\/videos\/\" target=\"_self\"><div class=\"icon\"><i style=\"border-color:#ffffff;border-width:2px;background-color:#282a2d;box-sizing:content-box;height:60px;width:60px;line-height:60px;border-radius:50%;font-size:30px;\" aria-hidden=\"true\" class=\"fontawesome-icon fa-video fas circle-yes\"><\/i><\/div><h2 class=\"content-box-heading fusion-responsive-typography-calculated\" style=\"--h2_typography-font-size:18px;--fontSize:18;line-height:1.22;\">VIDEOS<\/h2><\/a><\/div><div class=\"fusion-clearfix\"><\/div><div class=\"content-container\">\n<h6><span style=\"color: #242424;\">Videos<\/span><\/h6>\n<\/div><\/div><\/div><div style=\"--awb-backgroundcolor:transparent;--awb-iconcolor:#ffffff;\" class=\"fusion-column content-box-column content-box-column content-box-column-4 col-lg-2 col-md-2 col-sm-2 fusion-content-box-hover \"><div class=\"col content-box-wrapper content-wrapper link-area-box link-type-button icon-hover-animation-fade\" data-link=\"http:\/\/amis-hauteville.fr\/fr\/audio\/\" data-link-target=\"_self\" data-animationOffset=\"top-into-view\"><div class=\"heading heading-with-icon icon-left\"><a class=\"heading-link\" href=\"http:\/\/amis-hauteville.fr\/fr\/audio\/\" target=\"_self\"><div class=\"icon\"><i style=\"border-color:#ffffff;border-width:2px;background-color:#282a2d;box-sizing:content-box;height:60px;width:60px;line-height:60px;border-radius:50%;font-size:30px;\" aria-hidden=\"true\" class=\"fontawesome-icon fa-microphone fas circle-yes\"><\/i><\/div><h2 class=\"content-box-heading fusion-responsive-typography-calculated\" style=\"--h2_typography-font-size:18px;--fontSize:18;line-height:1.22;\">AUDIO<\/h2><\/a><\/div><div class=\"fusion-clearfix\"><\/div><div class=\"content-container\">\n<h6><span style=\"color: #242424;\">Audio<\/span><\/h6>\n<\/div><\/div><\/div><div style=\"--awb-backgroundcolor:transparent;--awb-iconcolor:#ffffff;\" class=\"fusion-column content-box-column content-box-column content-box-column-5 col-lg-2 col-md-2 col-sm-2 fusion-content-box-hover \"><div class=\"col content-box-wrapper content-wrapper link-area-box link-type-button icon-hover-animation-fade\" data-link=\"http:\/\/amis-hauteville.fr\/fr\/lyings\/\" data-link-target=\"_self\" data-animationOffset=\"top-into-view\"><div class=\"heading heading-with-icon icon-left\"><a class=\"heading-link\" href=\"http:\/\/amis-hauteville.fr\/fr\/lyings\/\" target=\"_self\"><div class=\"icon\"><i style=\"border-color:#ffffff;border-width:2px;background-color:#282a2d;box-sizing:content-box;height:60px;width:60px;line-height:60px;border-radius:50%;font-size:30px;\" aria-hidden=\"true\" class=\"fontawesome-icon fa fa-search circle-yes\"><\/i><\/div><h2 class=\"content-box-heading fusion-responsive-typography-calculated\" style=\"--h2_typography-font-size:18px;--fontSize:18;line-height:1.22;\">LYINGS<\/h2><\/a><\/div><\/div><\/div><div style=\"--awb-backgroundcolor:transparent;--awb-iconcolor:#ffffff;\" class=\"fusion-column content-box-column content-box-column content-box-column-6 col-lg-2 col-md-2 col-sm-2 fusion-content-box-hover content-box-column-last content-box-column-last-in-row\"><div class=\"col content-box-wrapper content-wrapper link-area-box link-type-button icon-hover-animation-fade\" data-link=\"http:\/\/amis-hauteville.fr\/fr\/liens\/\" data-link-target=\"_self\" data-animationOffset=\"top-into-view\"><div class=\"heading heading-with-icon icon-left\"><a class=\"heading-link\" href=\"http:\/\/amis-hauteville.fr\/fr\/liens\/\" target=\"_self\"><div class=\"icon\"><i style=\"border-color:#ffffff;border-width:2px;background-color:#282a2d;box-sizing:content-box;height:60px;width:60px;line-height:60px;border-radius:50%;font-size:30px;\" aria-hidden=\"true\" class=\"fontawesome-icon fa-long-arrow-alt-right fas circle-yes\"><\/i><\/div><h2 class=\"content-box-heading fusion-responsive-typography-calculated\" style=\"--h2_typography-font-size:18px;--fontSize:18;line-height:1.22;\">LIENS<\/h2><\/a><\/div><div class=\"fusion-clearfix\"><\/div><div class=\"content-container\">\n<h6><span style=\"color: #242424;\">Liens<\/span><\/h6>\n<\/div><\/div><\/div><div class=\"fusion-clearfix\"><\/div><\/div><div class=\"fusion-clearfix\"><\/div><\/div><\/div><\/div><\/div><div class=\"fusion-fullwidth fullwidth-box fusion-builder-row-2 hundred-percent-fullwidth non-hundred-percent-height-scrolling\" style=\"--awb-border-sizes-top:0px;--awb-border-sizes-bottom:0px;--awb-border-sizes-left:0px;--awb-border-sizes-right:0px;--awb-border-color:#f44336;--awb-border-style:dashed;--awb-border-radius-top-left:0px;--awb-border-radius-top-right:0px;--awb-border-radius-bottom-right:0px;--awb-border-radius-bottom-left:0px;--awb-margin-top:0px;--awb-margin-bottom:0px;--awb-flex-wrap:wrap;\" ><div class=\"fusion-builder-row fusion-row\"><div class=\"fusion-layout-column fusion_builder_column fusion-builder-column-1 fusion_builder_column_1_1 1_1 fusion-one-full fusion-column-first fusion-column-last\" style=\"--awb-bg-size:cover;--awb-border-color:#8bc34a;--awb-border-top:0;--awb-border-right:0;--awb-border-bottom:0;--awb-border-left:0;--awb-border-style:dotted;\"><div class=\"fusion-column-wrapper fusion-flex-column-wrapper-legacy\"><div class=\"fusion-column-content-centered\"><div class=\"fusion-column-content\"><div class=\"fusion-image-element fusion-image-align-center in-legacy-container\" style=\"text-align:center;--awb-caption-title-font-family:var(--h2_typography-font-family);--awb-caption-title-font-weight:var(--h2_typography-font-weight);--awb-caption-title-font-style:var(--h2_typography-font-style);--awb-caption-title-size:var(--h2_typography-font-size);--awb-caption-title-transform:var(--h2_typography-text-transform);--awb-caption-title-line-height:var(--h2_typography-line-height);--awb-caption-title-letter-spacing:var(--h2_typography-letter-spacing);\"><div class=\"imageframe-align-center\"><span class=\" fusion-imageframe imageframe-none imageframe-1 hover-type-none\"><img decoding=\"async\" width=\"2500\" height=\"60\" title=\"Frise double \u00e0 2500px_154_mg_2922\" src=\"http:\/\/amis-hauteville.fr\/fr\/wp-content\/uploads\/2017\/10\/Frise-double-\u00e0-2500px_154_mg_2922.jpg\" alt class=\"img-responsive wp-image-807\" srcset=\"http:\/\/amis-hauteville.fr\/fr\/wp-content\/uploads\/2017\/10\/Frise-double-\u00e0-2500px_154_mg_2922-200x5.jpg 200w, http:\/\/amis-hauteville.fr\/fr\/wp-content\/uploads\/2017\/10\/Frise-double-\u00e0-2500px_154_mg_2922-400x10.jpg 400w, http:\/\/amis-hauteville.fr\/fr\/wp-content\/uploads\/2017\/10\/Frise-double-\u00e0-2500px_154_mg_2922-600x14.jpg 600w, http:\/\/amis-hauteville.fr\/fr\/wp-content\/uploads\/2017\/10\/Frise-double-\u00e0-2500px_154_mg_2922-800x19.jpg 800w, http:\/\/amis-hauteville.fr\/fr\/wp-content\/uploads\/2017\/10\/Frise-double-\u00e0-2500px_154_mg_2922-1200x29.jpg 1200w, http:\/\/amis-hauteville.fr\/fr\/wp-content\/uploads\/2017\/10\/Frise-double-\u00e0-2500px_154_mg_2922.jpg 2500w\" sizes=\"(max-width: 800px) 100vw, 1200px\" \/><\/span><\/div><\/div><\/div><\/div><div class=\"fusion-clearfix\"><\/div><\/div><\/div><\/div><\/div><div class=\"fusion-fullwidth fullwidth-box fusion-builder-row-3 nonhundred-percent-fullwidth non-hundred-percent-height-scrolling\" style=\"--awb-border-sizes-top:0px;--awb-border-sizes-bottom:0px;--awb-border-sizes-left:0px;--awb-border-sizes-right:0px;--awb-border-color:#e91e63;--awb-border-style:dotted;--awb-border-radius-top-left:0px;--awb-border-radius-top-right:0px;--awb-border-radius-bottom-right:0px;--awb-border-radius-bottom-left:0px;--awb-margin-top:50px;--awb-flex-wrap:wrap;\" ><div class=\"fusion-builder-row fusion-row\"><div class=\"fusion-layout-column fusion_builder_column fusion-builder-column-2 fusion_builder_column_1_1 1_1 fusion-one-full fusion-column-first fusion-column-last fusion-animated\" style=\"--awb-padding-top:30px;--awb-bg-color:#303030;--awb-bg-color-hover:#303030;--awb-bg-size:cover;--awb-border-color:#c6c6c6;--awb-border-top:1px;--awb-border-right:1px;--awb-border-bottom:1px;--awb-border-left:1px;--awb-border-style:solid;\" data-animationType=\"fadeInUp\" data-animationDuration=\"1.0\" data-animationOffset=\"top-into-view\"><div class=\"fusion-column-wrapper fusion-flex-column-wrapper-legacy\"><div class=\"fusion-text fusion-text-1\"><h2 style=\"text-align: center;\"><span style=\"color: #e5561d; font-family: Libre Baskerville;\">CONF\u00c9RENCES<\/span><\/h2>\n<h3 style=\"text-align: center;\"><span style=\"color: #ffffff;\">&#8211; Agenda des conf\u00e9rences &#8211;<\/span><\/h3>\n<\/div><div class=\"fusion-clearfix\"><\/div><\/div><\/div><\/div><\/div><div class=\"fusion-fullwidth fullwidth-box fusion-builder-row-4 nonhundred-percent-fullwidth non-hundred-percent-height-scrolling\" style=\"--awb-border-sizes-top:0px;--awb-border-sizes-bottom:0px;--awb-border-sizes-left:0px;--awb-border-sizes-right:0px;--awb-border-color:#e91e63;--awb-border-radius-top-left:0px;--awb-border-radius-top-right:0px;--awb-border-radius-bottom-right:0px;--awb-border-radius-bottom-left:0px;--awb-margin-top:50px;--awb-margin-bottom:10px;--awb-background-color:rgba(3,169,244,0);--awb-flex-wrap:wrap;\" ><div class=\"fusion-builder-row fusion-row\"><div class=\"fusion-layout-column fusion_builder_column fusion-builder-column-3 fusion_builder_column_1_1 1_1 fusion-one-full fusion-column-first fusion-column-last\" style=\"--awb-padding-top:30px;--awb-bg-color:#242424;--awb-bg-color-hover:#242424;--awb-bg-size:cover;--awb-border-color:#e5561d;--awb-border-top:0;--awb-border-right:0;--awb-border-bottom:0;--awb-border-left:0;--awb-border-style:solid;\"><div class=\"fusion-column-wrapper fusion-flex-column-wrapper-legacy\"><div class=\"fusion-text fusion-text-2\"><p><span style=\"color: #ffffff;\">BRUXELLES<\/span><\/p>\n<p>Conf\u00e9rence d&rsquo;Emmanuel Desjardins<\/p>\n<p>L&rsquo;exp\u00e9rience int\u00e9rieure et la bont\u00e9, fondements de la vie spirituelle<\/p>\n<p><b><u><i>Lieu<\/i><\/u><\/b> : Maison Notre dame du chant d&rsquo;oiseau, av des Franciscains 3A, 1150 Bruxelles, salle A<\/p>\n<p><b><u><i>Date et horaires<\/i><\/u><\/b> : mercredi 8 janvier 2025 \u00e0 20h<\/p>\n<p><u><b><i>Inscription<\/i><\/b><\/u> : information et inscription sur le site tetra.be : <a href=\"https:\/\/tetra.be\/08-01-2025-CONF%C3%89RENCE-L-exp%C3%A9rience-int%C3%A9rieure-et-la-bont%C3%A9-fondements-de-la-vie-spirituelle-Emmanuel-DESJARDINS-p707618140\" target=\"_blank\" rel=\"noopener\">https:\/\/tetra.be\/08-01-2025-CONF%C3%89RENCE-L-exp%C3%A9rience-int%C3%A9rieure-et-la-bont%C3%A9-fondements-de-la-vie-spirituelle-Emmanuel-DESJARDINS-p707618140<\/a><\/p>\n<p>La conf\u00e9rence sera suivie d&rsquo;un atelier le samedi 11 janvier 2025 de 10h \u00e0 18h &#8211; m\u00eame adresse, salle C<\/p>\n<p>Information et inscription sur le site tetra.be : <a href=\"https:\/\/tetra.be\/11-01-2025-ATELIER-La-Voie-de-la-vie-quotidienne-selon-les-enseignements-de-Sw%C3%A2mi-PRAJN%C3%82NPAD-et-Arnaud-DESJARDINS-Emmanuel-DESJARDINS-p707615410\" target=\"_blank\" rel=\"noopener\">https:\/\/tetra.be\/11-01-2025-ATELIER-La-Voie-de-la-vie-quotidienne-selon-les-enseignements-de-Sw%C3%A2mi-PRAJN%C3%82NPAD-et-Arnaud-DESJARDINS-Emmanuel-DESJARDINS-p707615410<\/a><\/p>\n<hr \/>\n<p><b><\/b><br \/>\n<span style=\"color: #ffffff;\">PARIS<\/span><\/p>\n<p>Conf\u00e9rence d&rsquo;Emmanuel Desjardins<\/p>\n<p><b><u><i>Lieu<\/i><\/u><\/b> : Forum 104 salle Glycine 104 rue de Vaugirard 75006 Paris (tarif : 20 euros)<\/p>\n<p><b><u><i>Date et horaires<\/i><\/u><\/b> : vendredi 14 f\u00e9vrier 2025 de 19h30 \u00e0 21h30<\/p>\n<p><u><b><i>Inscription<\/i><\/b><\/u> : <a href=\"https:\/\/www.helloasso.com\/associations\/association-le-point-du-jour\/evenements\/rencontre-avec-emmanuel-desjardins\" target=\"_blank\" rel=\"noopener\">https:\/\/www.helloasso.com\/associations\/association-le-point-du-jour\/evenements\/rencontre-avec-emmanuel-desjardins<\/a><\/p>\n<p><u><b><i>Renseignements<\/i><\/b><\/u> : <a class=\"v1moz-txt-link-abbreviated\" href=\"mailto:bureau_pdj@yahoo.fr\" rel=\"noreferrer\">bureau_pdj@yahoo.fr<\/a><\/p>\n<hr \/>\n<\/div><div class=\"fusion-clearfix\"><\/div><\/div><\/div><\/div><\/div><div class=\"fusion-fullwidth fullwidth-box fusion-builder-row-5 hundred-percent-fullwidth non-hundred-percent-height-scrolling\" style=\"--awb-border-sizes-top:0px;--awb-border-sizes-bottom:0px;--awb-border-sizes-left:0px;--awb-border-sizes-right:0px;--awb-border-color:#f44336;--awb-border-style:dashed;--awb-border-radius-top-left:0px;--awb-border-radius-top-right:0px;--awb-border-radius-bottom-right:0px;--awb-border-radius-bottom-left:0px;--awb-margin-top:0px;--awb-margin-bottom:0px;--awb-flex-wrap:wrap;\" ><div class=\"fusion-builder-row fusion-row\"><div class=\"fusion-layout-column fusion_builder_column fusion-builder-column-4 fusion_builder_column_1_1 1_1 fusion-one-full fusion-column-first fusion-column-last\" style=\"--awb-bg-size:cover;--awb-border-color:#8bc34a;--awb-border-top:0;--awb-border-right:0;--awb-border-bottom:0;--awb-border-left:0;--awb-border-style:dotted;\"><div class=\"fusion-column-wrapper fusion-flex-column-wrapper-legacy\"><div class=\"fusion-column-content-centered\"><div class=\"fusion-column-content\"><div class=\"fusion-image-element fusion-image-align-center in-legacy-container\" style=\"text-align:center;--awb-caption-title-font-family:var(--h2_typography-font-family);--awb-caption-title-font-weight:var(--h2_typography-font-weight);--awb-caption-title-font-style:var(--h2_typography-font-style);--awb-caption-title-size:var(--h2_typography-font-size);--awb-caption-title-transform:var(--h2_typography-text-transform);--awb-caption-title-line-height:var(--h2_typography-line-height);--awb-caption-title-letter-spacing:var(--h2_typography-letter-spacing);\"><div class=\"imageframe-align-center\"><span class=\" fusion-imageframe imageframe-none imageframe-2 hover-type-none\"><img decoding=\"async\" width=\"2500\" height=\"60\" title=\"Frise double \u00e0 2500px_154_mg_2922\" src=\"http:\/\/amis-hauteville.fr\/fr\/wp-content\/uploads\/2017\/10\/Frise-double-\u00e0-2500px_154_mg_2922.jpg\" alt class=\"img-responsive wp-image-807\" srcset=\"http:\/\/amis-hauteville.fr\/fr\/wp-content\/uploads\/2017\/10\/Frise-double-\u00e0-2500px_154_mg_2922-200x5.jpg 200w, http:\/\/amis-hauteville.fr\/fr\/wp-content\/uploads\/2017\/10\/Frise-double-\u00e0-2500px_154_mg_2922-400x10.jpg 400w, http:\/\/amis-hauteville.fr\/fr\/wp-content\/uploads\/2017\/10\/Frise-double-\u00e0-2500px_154_mg_2922-600x14.jpg 600w, http:\/\/amis-hauteville.fr\/fr\/wp-content\/uploads\/2017\/10\/Frise-double-\u00e0-2500px_154_mg_2922-800x19.jpg 800w, http:\/\/amis-hauteville.fr\/fr\/wp-content\/uploads\/2017\/10\/Frise-double-\u00e0-2500px_154_mg_2922-1200x29.jpg 1200w, http:\/\/amis-hauteville.fr\/fr\/wp-content\/uploads\/2017\/10\/Frise-double-\u00e0-2500px_154_mg_2922.jpg 2500w\" sizes=\"(max-width: 800px) 100vw, 1200px\" \/><\/span><\/div><\/div><\/div><\/div><div class=\"fusion-clearfix\"><\/div><\/div><\/div><\/div><\/div><\/p>\n","protected":false},"excerpt":{"rendered":"","protected":false},"author":1,"featured_media":0,"parent":0,"menu_order":0,"comment_status":"closed","ping_status":"closed","template":"100-width.php","meta":{"footnotes":""},"yst_prominent_words":[598,454,335,693,580,584,597,337,336,475],"class_list":["post-2622","page","type-page","status-publish","hentry"],"_links":{"self":[{"href":"http:\/\/amis-hauteville.fr\/fr\/wp-json\/wp\/v2\/pages\/2622","targetHints":{"allow":["GET"]}}],"collection":[{"href":"http:\/\/amis-hauteville.fr\/fr\/wp-json\/wp\/v2\/pages"}],"about":[{"href":"http:\/\/amis-hauteville.fr\/fr\/wp-json\/wp\/v2\/types\/page"}],"author":[{"embeddable":true,"href":"http:\/\/amis-hauteville.fr\/fr\/wp-json\/wp\/v2\/users\/1"}],"replies":[{"embeddable":true,"href":"http:\/\/amis-hauteville.fr\/fr\/wp-json\/wp\/v2\/comments?post=2622"}],"version-history":[{"count":60,"href":"http:\/\/amis-hauteville.fr\/fr\/wp-json\/wp\/v2\/pages\/2622\/revisions"}],"predecessor-version":[{"id":2855,"href":"http:\/\/amis-hauteville.fr\/fr\/wp-json\/wp\/v2\/pages\/2622\/revisions\/2855"}],"wp:attachment":[{"href":"http:\/\/amis-hauteville.fr\/fr\/wp-json\/wp\/v2\/media?parent=2622"}],"wp:term":[{"taxonomy":"yst_prominent_words","embeddable":true,"href":"http:\/\/amis-hauteville.fr\/fr\/wp-json\/wp\/v2\/yst_prominent_words?post=2622"}],"curies":[{"name":"wp","href":"https:\/\/api.w.org\/{rel}","templated":true}]}}